{"id":444,"date":"2023-07-12T18:35:26","date_gmt":"2023-07-12T15:35:26","guid":{"rendered":"https:\/\/test.cologistics.com\/?page_id=444"},"modified":"2023-10-26T17:52:54","modified_gmt":"2023-10-26T14:52:54","slug":"branchenloesungen","status":"publish","type":"page","link":"https:\/\/cologistics.com\/en\/leistungen\/branchenloesungen\/","title":{"rendered":"Industry Solutions"},"content":{"rendered":"<div data-elementor-type=\"wp-page\" data-elementor-id=\"444\" class=\"elementor elementor-444\">\n\t\t\t\t<div class=\"elementor-element elementor-element-01737a4 e-flex e-con-boxed e-con e-parent\" data-id=\"01737a4\" data-element_type=\"container\" data-e-type=\"container\" data-settings=\"{&quot;background_background&quot;:&quot;classic&quot;}\">\n\t\t\t\t\t<div class=\"e-con-inner\">\n\t\t<div class=\"elementor-element elementor-element-69a07aa e-con-full e-flex e-con e-child\" data-id=\"69a07aa\" data-element_type=\"container\" data-e-type=\"container\">\n\t\t\t\t<div class=\"elementor-element elementor-element-341836b elementor-widget elementor-widget-heading\" data-id=\"341836b\" data-element_type=\"widget\" data-e-type=\"widget\" data-widget_type=\"heading.default\">\n\t\t\t\t<div class=\"elementor-widget-container\">\n\t\t\t\t\t<p class=\"elementor-heading-title elementor-size-default\">SERVICES<\/p>\t\t\t\t<\/div>\n\t\t\t\t<\/div>\n\t\t\t\t<div class=\"elementor-element elementor-element-e589137 elementor-widget elementor-widget-heading\" data-id=\"e589137\" data-element_type=\"widget\" data-e-type=\"widget\" data-widget_type=\"heading.default\">\n\t\t\t\t<div class=\"elementor-widget-container\">\n\t\t\t\t\t<h1 class=\"elementor-heading-title elementor-size-default\">Industry Solutions  <\/h1>\t\t\t\t<\/div>\n\t\t\t\t<\/div>\n\t\t\t\t<\/div>\n\t\t\t\t\t<\/div>\n\t\t\t\t<\/div>\n\t\t<div class=\"elementor-element elementor-element-9c98039 e-flex e-con-boxed e-con e-parent\" data-id=\"9c98039\" data-element_type=\"container\" data-e-type=\"container\">\n\t\t\t\t\t<div class=\"e-con-inner\">\n\t\t<div class=\"elementor-element elementor-element-4d7cdcc e-con-full e-flex e-con e-child\" data-id=\"4d7cdcc\" data-element_type=\"container\" data-e-type=\"container\">\n\t\t<div class=\"elementor-element elementor-element-4152b32 e-flex e-con-boxed e-con e-child\" data-id=\"4152b32\" data-element_type=\"container\" data-e-type=\"container\">\n\t\t\t\t\t<div class=\"e-con-inner\">\n\t\t\t\t<div class=\"elementor-element elementor-element-c051999 elementor-widget elementor-widget-heading\" data-id=\"c051999\" data-element_type=\"widget\" data-e-type=\"widget\" data-widget_type=\"heading.default\">\n\t\t\t\t<div class=\"elementor-widget-container\">\n\t\t\t\t\t<h2 class=\"elementor-heading-title elementor-size-default\">Calenberg Industry Solutions - Individual Logistics for Your Success<\/h2>\t\t\t\t<\/div>\n\t\t\t\t<\/div>\n\t\t\t\t<div class=\"elementor-element elementor-element-0b014d4 elementor-widget elementor-widget-text-editor\" data-id=\"0b014d4\" data-element_type=\"widget\" data-e-type=\"widget\" data-widget_type=\"text-editor.default\">\n\t\t\t\t<div class=\"elementor-widget-container\">\n\t\t\t\t\t\t\t\t\t<p>Calenberg Oversea Logistics is your reliable partner for customized industry solutions in the warehousing and logistics sector.<\/p><p>Our experienced team will be pleased to work out suitable logistics solutions together with you.<\/p><p><br \/>Whether you are in retail, pharmaceuticals, construction or industry: We customize our services to meet your requirements. Due to our size, we can react flexibly and individually to challenges that arise and adapt our processes quickly accordingly.<\/p>\t\t\t\t\t\t\t\t<\/div>\n\t\t\t\t<\/div>\n\t\t\t\t<div class=\"elementor-element elementor-element-917e779 elementor-widget elementor-widget-button\" data-id=\"917e779\" data-element_type=\"widget\" data-e-type=\"widget\" data-widget_type=\"button.default\">\n\t\t\t\t<div class=\"elementor-widget-container\">\n\t\t\t\t\t\t\t\t\t<div class=\"elementor-button-wrapper\">\n\t\t\t\t\t<a class=\"elementor-button elementor-button-link elementor-size-sm\" href=\"https:\/\/cologistics.com\/en\/kontakt\/\">\n\t\t\t\t\t\t<span class=\"elementor-button-content-wrapper\">\n\t\t\t\t\t\t\t\t\t<span class=\"elementor-button-text\">request an offer<\/span>\n\t\t\t\t\t<\/span>\n\t\t\t\t\t<\/a>\n\t\t\t\t<\/div>\n\t\t\t\t\t\t\t\t<\/div>\n\t\t\t\t<\/div>\n\t\t\t\t\t<\/div>\n\t\t\t\t<\/div>\n\t\t<div class=\"elementor-element elementor-element-0fafa4d e-flex e-con-boxed e-con e-child\" data-id=\"0fafa4d\" data-element_type=\"container\" data-e-type=\"container\" data-settings=\"{&quot;background_background&quot;:&quot;classic&quot;}\">\n\t\t\t\t\t<div class=\"e-con-inner\">\n\t\t\t\t\t<\/div>\n\t\t\t\t<\/div>\n\t\t\t\t<\/div>\n\t\t\t\t\t<\/div>\n\t\t\t\t<\/div>\n\t\t\t\t<\/div>","protected":false},"excerpt":{"rendered":"<p>Leistungen Branchenl\u00f6sungen Calenberg Branchenl\u00f6sungen &#8211; Individuelle Logistik f\u00fcr Ihren Erfolg Calenberg Oversea Logistics ist Ihr zuverl\u00e4ssiger Partner f\u00fcr ma\u00dfgeschneiderte Branchenl\u00f6sungen in der Lager- und Logistikbranche. Unser erfahrenes Team ist gerne bereit, zusammen mit Ihnen passende Logistikl\u00f6sungen zu erarbeiten. Egal, ob Sie im Einzelhandel, in der Pharma-, Bau- oder Industriebranche t\u00e4tig sind: Wir passen unsere Dienstleistungen [&hellip;]<\/p>\n","protected":false},"author":1,"featured_media":0,"parent":86,"menu_order":0,"comment_status":"closed","ping_status":"closed","template":"elementor_header_footer","meta":{"_monsterinsights_skip_tracking":false,"_monsterinsights_sitenote_active":false,"_monsterinsights_sitenote_note":"","_monsterinsights_sitenote_category":0,"footnotes":""},"class_list":["post-444","page","type-page","status-publish","hentry"],"_links":{"self":[{"href":"https:\/\/cologistics.com\/en\/wp-json\/wp\/v2\/pages\/444","targetHints":{"allow":["GET"]}}],"collection":[{"href":"https:\/\/cologistics.com\/en\/wp-json\/wp\/v2\/pages"}],"about":[{"href":"https:\/\/cologistics.com\/en\/wp-json\/wp\/v2\/types\/page"}],"author":[{"embeddable":true,"href":"https:\/\/cologistics.com\/en\/wp-json\/wp\/v2\/users\/1"}],"replies":[{"embeddable":true,"href":"https:\/\/cologistics.com\/en\/wp-json\/wp\/v2\/comments?post=444"}],"version-history":[{"count":46,"href":"https:\/\/cologistics.com\/en\/wp-json\/wp\/v2\/pages\/444\/revisions"}],"predecessor-version":[{"id":1351,"href":"https:\/\/cologistics.com\/en\/wp-json\/wp\/v2\/pages\/444\/revisions\/1351"}],"up":[{"embeddable":true,"href":"https:\/\/cologistics.com\/en\/wp-json\/wp\/v2\/pages\/86"}],"wp:attachment":[{"href":"https:\/\/cologistics.com\/en\/wp-json\/wp\/v2\/media?parent=444"}],"curies":[{"name":"wp","href":"https:\/\/api.w.org\/{rel}","templated":true}]}}