{"id":433,"date":"2023-07-12T18:33:00","date_gmt":"2023-07-12T15:33:00","guid":{"rendered":"https:\/\/test.cologistics.com\/?page_id=433"},"modified":"2023-10-26T17:56:10","modified_gmt":"2023-10-26T14:56:10","slug":"logistik","status":"publish","type":"page","link":"https:\/\/cologistics.com\/en\/leistungen\/logistik\/","title":{"rendered":"Logistics"},"content":{"rendered":"<div data-elementor-type=\"wp-page\" data-elementor-id=\"433\" class=\"elementor elementor-433\">\n\t\t\t\t<div class=\"elementor-element elementor-element-2570713 e-flex e-con-boxed e-con e-parent\" data-id=\"2570713\" data-element_type=\"container\" data-e-type=\"container\" data-settings=\"{&quot;background_background&quot;:&quot;classic&quot;}\">\n\t\t\t\t\t<div class=\"e-con-inner\">\n\t\t<div class=\"elementor-element elementor-element-9362b24 e-con-full e-flex e-con e-child\" data-id=\"9362b24\" data-element_type=\"container\" data-e-type=\"container\">\n\t\t\t\t<div class=\"elementor-element elementor-element-ff8a3c9 elementor-widget elementor-widget-heading\" data-id=\"ff8a3c9\" data-element_type=\"widget\" data-e-type=\"widget\" data-widget_type=\"heading.default\">\n\t\t\t\t<div class=\"elementor-widget-container\">\n\t\t\t\t\t<p class=\"elementor-heading-title elementor-size-default\">SERVICES<\/p>\t\t\t\t<\/div>\n\t\t\t\t<\/div>\n\t\t\t\t<div class=\"elementor-element elementor-element-dfc42b6 elementor-widget elementor-widget-heading\" data-id=\"dfc42b6\" data-element_type=\"widget\" data-e-type=\"widget\" data-widget_type=\"heading.default\">\n\t\t\t\t<div class=\"elementor-widget-container\">\n\t\t\t\t\t<h1 class=\"elementor-heading-title elementor-size-default\">Logistics<\/h1>\t\t\t\t<\/div>\n\t\t\t\t<\/div>\n\t\t\t\t<\/div>\n\t\t\t\t\t<\/div>\n\t\t\t\t<\/div>\n\t\t<div class=\"elementor-element elementor-element-a902427 e-flex e-con-boxed e-con e-parent\" data-id=\"a902427\" data-element_type=\"container\" data-e-type=\"container\">\n\t\t\t\t\t<div class=\"e-con-inner\">\n\t\t<div class=\"elementor-element elementor-element-ef317c1 e-con-full e-flex e-con e-child\" data-id=\"ef317c1\" data-element_type=\"container\" data-e-type=\"container\">\n\t\t<div class=\"elementor-element elementor-element-42f8ce0 e-flex e-con-boxed e-con e-child\" data-id=\"42f8ce0\" data-element_type=\"container\" data-e-type=\"container\">\n\t\t\t\t\t<div class=\"e-con-inner\">\n\t\t\t\t<div class=\"elementor-element elementor-element-a229541 elementor-widget elementor-widget-heading\" data-id=\"a229541\" data-element_type=\"widget\" data-e-type=\"widget\" data-widget_type=\"heading.default\">\n\t\t\t\t<div class=\"elementor-widget-container\">\n\t\t\t\t\t<h2 class=\"elementor-heading-title elementor-size-default\">Calenberg Logistics - Efficient solutions for your flow of goods<\/h2>\t\t\t\t<\/div>\n\t\t\t\t<\/div>\n\t\t\t\t<div class=\"elementor-element elementor-element-fb80999 elementor-widget elementor-widget-text-editor\" data-id=\"fb80999\" data-element_type=\"widget\" data-e-type=\"widget\" data-widget_type=\"text-editor.default\">\n\t\t\t\t<div class=\"elementor-widget-container\">\n\t\t\t\t\t\t\t\t\t<p>Well-planned and smoothly functioning logistics are crucial to the success of any business. Our experienced team of logistics experts is on hand to help you organize your flow of goods efficiently and cost-effectively. From warehousing to transportation to distribution - we'll be happy to take care of every step in your logistics chain. Rely on our years of expertise and passion for the logistical flow of goods in today's world.\n\nContact us today to learn more about how we can help you optimize your logistics processes. Together, we will secure your flow of goods in both import and export and ensure that your business processes run successfully and without disruption.\n\nSpecial knowledge and a corresponding network in the area of import of organic food make us your competent and experienced contact.<\/p><p>Contact us to learn more about how we can help you optimize your logistics processes. Together, we will secure your flow of goods in both import and export and ensure that your business processes run successfully and without disruption.<\/p><p>Special knowledge and a corresponding network in the field of import of organic food make us your competent and experienced partner.<\/p>\t\t\t\t\t\t\t\t<\/div>\n\t\t\t\t<\/div>\n\t\t\t\t<div class=\"elementor-element elementor-element-9e9d229 elementor-widget elementor-widget-button\" data-id=\"9e9d229\" data-element_type=\"widget\" data-e-type=\"widget\" data-widget_type=\"button.default\">\n\t\t\t\t<div class=\"elementor-widget-container\">\n\t\t\t\t\t\t\t\t\t<div class=\"elementor-button-wrapper\">\n\t\t\t\t\t<a class=\"elementor-button elementor-button-link elementor-size-sm\" href=\"https:\/\/cologistics.com\/en\/kontakt\/\">\n\t\t\t\t\t\t<span class=\"elementor-button-content-wrapper\">\n\t\t\t\t\t\t\t\t\t<span class=\"elementor-button-text\">request an offer<\/span>\n\t\t\t\t\t<\/span>\n\t\t\t\t\t<\/a>\n\t\t\t\t<\/div>\n\t\t\t\t\t\t\t\t<\/div>\n\t\t\t\t<\/div>\n\t\t\t\t\t<\/div>\n\t\t\t\t<\/div>\n\t\t<div class=\"elementor-element elementor-element-d2199f7 e-flex e-con-boxed e-con e-child\" data-id=\"d2199f7\" data-element_type=\"container\" data-e-type=\"container\" data-settings=\"{&quot;background_background&quot;:&quot;classic&quot;}\">\n\t\t\t\t\t<div class=\"e-con-inner\">\n\t\t\t\t\t<\/div>\n\t\t\t\t<\/div>\n\t\t\t\t<\/div>\n\t\t\t\t\t<\/div>\n\t\t\t\t<\/div>\n\t\t\t\t<\/div>","protected":false},"excerpt":{"rendered":"<p>Leistungen Logistik Calenberg Logistik &#8211; Effiziente L\u00f6sungen f\u00fcr Ihren Warenfluss Eine gut geplante und reibungslos funktionierende Logistik ist entscheidend f\u00fcr den Erfolg jedes Unternehmens. Unser erfahrenes Team von Logistikexperten steht Ihnen zur Seite, um Ihren Warenfluss effizient und kosteng\u00fcnstig zu gestalten. Von der Lagerung \u00fcber den Transport bis zur Distribution \u2013 wir k\u00fcmmern uns gerne [&hellip;]<\/p>\n","protected":false},"author":1,"featured_media":0,"parent":86,"menu_order":0,"comment_status":"closed","ping_status":"closed","template":"elementor_header_footer","meta":{"_monsterinsights_skip_tracking":false,"_monsterinsights_sitenote_active":false,"_monsterinsights_sitenote_note":"","_monsterinsights_sitenote_category":0,"footnotes":""},"class_list":["post-433","page","type-page","status-publish","hentry"],"_links":{"self":[{"href":"https:\/\/cologistics.com\/en\/wp-json\/wp\/v2\/pages\/433","targetHints":{"allow":["GET"]}}],"collection":[{"href":"https:\/\/cologistics.com\/en\/wp-json\/wp\/v2\/pages"}],"about":[{"href":"https:\/\/cologistics.com\/en\/wp-json\/wp\/v2\/types\/page"}],"author":[{"embeddable":true,"href":"https:\/\/cologistics.com\/en\/wp-json\/wp\/v2\/users\/1"}],"replies":[{"embeddable":true,"href":"https:\/\/cologistics.com\/en\/wp-json\/wp\/v2\/comments?post=433"}],"version-history":[{"count":37,"href":"https:\/\/cologistics.com\/en\/wp-json\/wp\/v2\/pages\/433\/revisions"}],"predecessor-version":[{"id":1366,"href":"https:\/\/cologistics.com\/en\/wp-json\/wp\/v2\/pages\/433\/revisions\/1366"}],"up":[{"embeddable":true,"href":"https:\/\/cologistics.com\/en\/wp-json\/wp\/v2\/pages\/86"}],"wp:attachment":[{"href":"https:\/\/cologistics.com\/en\/wp-json\/wp\/v2\/media?parent=433"}],"curies":[{"name":"wp","href":"https:\/\/api.w.org\/{rel}","templated":true}]}}