{"id":371,"date":"2023-06-29T12:15:41","date_gmt":"2023-06-29T09:15:41","guid":{"rendered":"https:\/\/test.cologistics.com\/?page_id=371"},"modified":"2025-08-22T10:16:49","modified_gmt":"2025-08-22T07:16:49","slug":"imprint","status":"publish","type":"page","link":"https:\/\/cologistics.com\/en\/imprint\/","title":{"rendered":"Imprint"},"content":{"rendered":"<div data-elementor-type=\"wp-page\" data-elementor-id=\"371\" class=\"elementor elementor-371\">\n\t\t\t\t<div class=\"elementor-element elementor-element-b8913c3 e-flex e-con-boxed e-con e-parent\" data-id=\"b8913c3\" data-element_type=\"container\" data-e-type=\"container\">\n\t\t\t\t\t<div class=\"e-con-inner\">\n\t\t\t\t<div class=\"elementor-element elementor-element-416c35d elementor-widget elementor-widget-text-editor\" data-id=\"416c35d\" data-element_type=\"widget\" data-e-type=\"widget\" data-widget_type=\"text-editor.default\">\n\t\t\t\t<div class=\"elementor-widget-container\">\n\t\t\t\t\t\t\t\t\t<p><strong>Calenberg Oversea Logistics GmbH &amp; Co. KG<\/strong><br>Welserstr. 8 <br>51149 Cologne<\/p>\n<p>Phone  +49 (0)2203-3592-600<br>Fax +49 (0)2203-3592-850<\/p>\n<p>E-Mail: info@cologistics.com<br>Management: Thomas Meregalli&nbsp;<\/p>\n<p>Place of Justice: Cologne<br>Registered in the district court of Cologne HRA 15691 \/ HRB 36034 VAT ID: DE 812693950<br>Place of fulfillment and court of justice for all claims is Cologne .<br>Responsible for the content of this website: info@cologistics.com<\/p>\n<p>We operate exclusively on the basis of the German Freight Forwarders\u2019 General Terms and Conditions (ADSP), latest version. (General Terms and Conditions of German forwarders)<\/p>\n<p>The disclaimer is to be regarded as part of the internet publication which you were referred from.<br>If individual parts or individual formulations of this text do not, no longer or do not completely correspond to the current legal situation, the remaining parts of the disclaimer remain valid in their content.<\/p>\t\t\t\t\t\t\t\t<\/div>\n\t\t\t\t<\/div>\n\t\t\t\t\t<\/div>\n\t\t\t\t<\/div>\n\t\t\t\t<\/div>","protected":false},"excerpt":{"rendered":"<p>Calenberg Oversea Logistics GmbH &amp; Co. KGWelserstr. 8 51149 K\u00f6ln Telefon +49 (0)2203-3592-600Fax +49 (0)2203-3592-850 E-Mail: info@cologistics.comGesch\u00e4ftsleitung: Thomas Meregalli&nbsp; Gerichtsstand: K\u00f6lnEingetragen im Amtsgericht K\u00f6ln HRA 15691 \/ HRB 36034 Steuer ID: DE 812693950Erf\u00fcllungsort und Gerichtsstand f\u00fcr alle Anspr\u00fcche ist ausschlie\u00dflich K\u00f6ln.Verantwortlich f\u00fcr den Inhalt dieser Website: info@cologistics.com Wir arbeiten ausschlie\u00dflich auf Grundlage der Allgemeinen Deutschen [&hellip;]<\/p>\n","protected":false},"author":1,"featured_media":0,"parent":0,"menu_order":0,"comment_status":"closed","ping_status":"closed","template":"","meta":{"_monsterinsights_skip_tracking":false,"_monsterinsights_sitenote_active":false,"_monsterinsights_sitenote_note":"","_monsterinsights_sitenote_category":0,"footnotes":""},"class_list":["post-371","page","type-page","status-publish","hentry"],"_links":{"self":[{"href":"https:\/\/cologistics.com\/en\/wp-json\/wp\/v2\/pages\/371","targetHints":{"allow":["GET"]}}],"collection":[{"href":"https:\/\/cologistics.com\/en\/wp-json\/wp\/v2\/pages"}],"about":[{"href":"https:\/\/cologistics.com\/en\/wp-json\/wp\/v2\/types\/page"}],"author":[{"embeddable":true,"href":"https:\/\/cologistics.com\/en\/wp-json\/wp\/v2\/users\/1"}],"replies":[{"embeddable":true,"href":"https:\/\/cologistics.com\/en\/wp-json\/wp\/v2\/comments?post=371"}],"version-history":[{"count":21,"href":"https:\/\/cologistics.com\/en\/wp-json\/wp\/v2\/pages\/371\/revisions"}],"predecessor-version":[{"id":1557,"href":"https:\/\/cologistics.com\/en\/wp-json\/wp\/v2\/pages\/371\/revisions\/1557"}],"wp:attachment":[{"href":"https:\/\/cologistics.com\/en\/wp-json\/wp\/v2\/media?parent=371"}],"curies":[{"name":"wp","href":"https:\/\/api.w.org\/{rel}","templated":true}]}}