{"id":617,"date":"2023-08-07T14:25:25","date_gmt":"2023-08-07T11:25:25","guid":{"rendered":"https:\/\/test.cologistics.com\/?page_id=617"},"modified":"2025-10-14T14:10:08","modified_gmt":"2025-10-14T11:10:08","slug":"karriere","status":"publish","type":"page","link":"https:\/\/cologistics.com\/de\/karriere\/","title":{"rendered":"Karriere"},"content":{"rendered":"\t\t<div data-elementor-type=\"wp-page\" data-elementor-id=\"617\" class=\"elementor elementor-617\">\n\t\t\t\t<div class=\"elementor-element elementor-element-f572381 e-flex e-con-boxed e-con e-parent\" data-id=\"f572381\" data-element_type=\"container\" data-e-type=\"container\" data-settings=\"{&quot;background_background&quot;:&quot;classic&quot;}\">\n\t\t\t\t\t<div class=\"e-con-inner\">\n\t\t<div class=\"elementor-element elementor-element-951737c e-con-full e-flex e-con e-child\" data-id=\"951737c\" data-element_type=\"container\" data-e-type=\"container\">\n\t\t\t\t<div class=\"elementor-element elementor-element-5d192a9 elementor-widget elementor-widget-heading\" data-id=\"5d192a9\" data-element_type=\"widget\" data-e-type=\"widget\" data-widget_type=\"heading.default\">\n\t\t\t\t<div class=\"elementor-widget-container\">\n\t\t\t\t\t<p class=\"elementor-heading-title elementor-size-default\">Karriere bei Calenberg Oversea Logistics<\/p>\t\t\t\t<\/div>\n\t\t\t\t<\/div>\n\t\t\t\t<div class=\"elementor-element elementor-element-836acfc elementor-widget elementor-widget-heading\" data-id=\"836acfc\" data-element_type=\"widget\" data-e-type=\"widget\" data-widget_type=\"heading.default\">\n\t\t\t\t<div class=\"elementor-widget-container\">\n\t\t\t\t\t<h1 class=\"elementor-heading-title elementor-size-default\"> Ihr Weg zu einer erfolgreichen Zukunft<\/h1>\t\t\t\t<\/div>\n\t\t\t\t<\/div>\n\t\t\t\t<\/div>\n\t\t\t\t\t<\/div>\n\t\t\t\t<\/div>\n\t\t<div class=\"elementor-element elementor-element-ee11247 e-flex e-con-boxed e-con e-parent\" data-id=\"ee11247\" data-element_type=\"container\" data-e-type=\"container\">\n\t\t\t\t\t<div class=\"e-con-inner\">\n\t\t<div class=\"elementor-element elementor-element-1f2d996 e-flex e-con-boxed e-con e-child\" data-id=\"1f2d996\" data-element_type=\"container\" data-e-type=\"container\">\n\t\t\t\t\t<div class=\"e-con-inner\">\n\t\t<div class=\"elementor-element elementor-element-76e620e e-flex e-con-boxed e-con e-child\" data-id=\"76e620e\" data-element_type=\"container\" data-e-type=\"container\">\n\t\t\t\t\t<div class=\"e-con-inner\">\n\t\t\t\t<div class=\"elementor-element elementor-element-5feaf54 elementor-widget elementor-widget-heading\" data-id=\"5feaf54\" data-element_type=\"widget\" data-e-type=\"widget\" data-widget_type=\"heading.default\">\n\t\t\t\t<div class=\"elementor-widget-container\">\n\t\t\t\t\t<h2 class=\"elementor-heading-title elementor-size-default\">\n\nKarrierem\u00f6glichkeiten in der Lager und Logistik Branche<\/h2>\t\t\t\t<\/div>\n\t\t\t\t<\/div>\n\t\t\t\t<div class=\"elementor-element elementor-element-7a5840c elementor-widget elementor-widget-text-editor\" data-id=\"7a5840c\" data-element_type=\"widget\" data-e-type=\"widget\" data-widget_type=\"text-editor.default\">\n\t\t\t\t<div class=\"elementor-widget-container\">\n\t\t\t\t\t\t\t\t\t<p>Willkommen bei Calenberg \u2013 komm in unser Team! Wir bieten Dir vielf\u00e4ltige Karrierem\u00f6glichkeiten in der Logistikbranche. Als weltweit agierendes Logistikunternehmen bieten wir Dir ein spannendes und dynamisches Arbeitsumfeld, in dem Du Deine beruflichen Ziele verwirklichen kannst. Wir suchen stets motivierte und engagierte Talente, die ihr K\u00f6nnen und ihre F\u00e4higkeiten in unser Team einbringen m\u00f6chten. Ob Du ein erfahrener Logistiker bist oder gerade erst Deine berufliche Laufbahn beginnst \u2013 wir haben die passende Position f\u00fcr Dich!<\/p><p>Egal, ob Dein Interesse dem Logistikprozess, der Lagerverwaltung, der Transportplanung, dem Supply Chain Management oder einer anderen T\u00e4tigkeit gilt \u2013 bei uns findest Du die M\u00f6glichkeit, Deine Leidenschaft zu leben und Deine beruflichen Ambitionen zu verwirklichen.<\/p><p>Starte jetzt Deine Karriere bei Calenberg Oversea Logistics. Nimm Anlauf mit uns in einen spannenden und abwechslungsreichen Job mit aussichtsreicher Zukunftsperspektive.<\/p><p>Wir freuen uns auf Deine Bewerbung und darauf, Dich pers\u00f6nlich kennenzulernen. Schicke uns am besten noch heute Deine Unterlagen, und wir melden uns umgehend zur\u00fcck.<\/p><p><strong>Das ist uns wichtig<\/strong>:<\/p><ul><li><strong>Wachstumsm\u00f6glichkeiten:<\/strong> Bei uns kannst Du Deine F\u00e4higkeiten und Deinen beruflichen Werdegang weiterentwickeln.<\/li><li><strong>Internationale Perspektiven:<\/strong> Als Unternehmen, das im In- und Ausland t\u00e4tig ist, bieten sich je nach Position und Ambition Chancen f\u00fcr Dich, Deine internationalen Erfahrungen zu erweitern.<\/li><li><strong>Teamgeist:<\/strong> Bei uns arbeitet jeder weitestgehend selbstst\u00e4ndig und dennoch gemeinsam am Erfolg des Teams.<\/li><li><strong>Vielfalt:<\/strong> Wir sch\u00e4tzen die Vielfalt unserer Mitarbeiter und bieten eine offene und inklusive Arbeitsumgebung mit freundlichen Kollegen und Partnern aus aller Welt.<\/li><li><strong>Weiterbildung:<\/strong> Wir unterst\u00fctzen Dich durch gezielte Weiterbildungsma\u00dfnahmen, um Dein Fachwissen auszubauen.<\/li><li><strong>Berufsausbildung:<\/strong> Bewirb Dich jetzt um einen Ausbildungsplatz bei Calenberg.<\/li><\/ul><p>\u00a0<\/p><p><strong>Folgende Berufe bilden wir aus:<\/strong><\/p><ul><li>Kaufmann\/-frau f\u00fcr Spedition und Logistikdienstleistungen<\/li><li>Fachkraft f\u00fcr Lagerlogistik<\/li><li>Fachlagerist<\/li><\/ul><p>\u00a0<\/p><p><strong>Kontaktm\u00f6glichkeiten:<\/strong><\/p><p>Herr Thomas Meregalli &#8211; Tel: 02203 \u2013 3592-722<\/p><p>Bewerbungsunterlagen gerne an E-Mail: <a href=\"mailto:info@cologistics.com\" target=\"_new\">info@cologistics.com<\/a><\/p>\t\t\t\t\t\t\t\t<\/div>\n\t\t\t\t<\/div>\n\t\t\t\t<div class=\"elementor-element elementor-element-639c25c elementor-align-left elementor-mobile-align-justify elementor-widget-mobile__width-inherit elementor-widget elementor-widget-button\" data-id=\"639c25c\" data-element_type=\"widget\" data-e-type=\"widget\" data-widget_type=\"button.default\">\n\t\t\t\t<div class=\"elementor-widget-container\">\n\t\t\t\t\t\t\t\t\t<div class=\"elementor-button-wrapper\">\n\t\t\t\t\t<a class=\"elementor-button elementor-button-link elementor-size-sm\" href=\"\/sample-page\">\n\t\t\t\t\t\t<span class=\"elementor-button-content-wrapper\">\n\t\t\t\t\t\t\t\t\t<span class=\"elementor-button-text\">Zur\u00fcck zur Startseite<\/span>\n\t\t\t\t\t<\/span>\n\t\t\t\t\t<\/a>\n\t\t\t\t<\/div>\n\t\t\t\t\t\t\t\t<\/div>\n\t\t\t\t<\/div>\n\t\t\t\t\t<\/div>\n\t\t\t\t<\/div>\n\t\t<div class=\"elementor-element elementor-element-82c5ff1 e-flex e-con-boxed e-con e-child\" data-id=\"82c5ff1\" data-element_type=\"container\" data-e-type=\"container\" data-settings=\"{&quot;background_background&quot;:&quot;classic&quot;}\">\n\t\t\t\t\t<div class=\"e-con-inner\">\n\t\t\t\t\t<\/div>\n\t\t\t\t<\/div>\n\t\t\t\t\t<\/div>\n\t\t\t\t<\/div>\n\t\t\t\t\t<\/div>\n\t\t\t\t<\/div>\n\t\t\t\t<\/div>\n\t\t","protected":false},"excerpt":{"rendered":"<p>Karriere bei Calenberg Oversea Logistics Ihr Weg zu einer erfolgreichen Zukunft Karrierem\u00f6glichkeiten in der Lager und Logistik Branche Willkommen bei Calenberg \u2013 komm in unser Team! Wir bieten Dir vielf\u00e4ltige Karrierem\u00f6glichkeiten in der Logistikbranche. Als weltweit agierendes Logistikunternehmen bieten wir Dir ein spannendes und dynamisches Arbeitsumfeld, in dem Du Deine beruflichen Ziele verwirklichen kannst. Wir [&hellip;]<\/p>\n","protected":false},"author":1,"featured_media":0,"parent":0,"menu_order":0,"comment_status":"closed","ping_status":"closed","template":"elementor_header_footer","meta":{"_monsterinsights_skip_tracking":false,"_monsterinsights_sitenote_active":false,"_monsterinsights_sitenote_note":"","_monsterinsights_sitenote_category":0,"footnotes":""},"class_list":["post-617","page","type-page","status-publish","hentry"],"_links":{"self":[{"href":"https:\/\/cologistics.com\/de\/wp-json\/wp\/v2\/pages\/617","targetHints":{"allow":["GET"]}}],"collection":[{"href":"https:\/\/cologistics.com\/de\/wp-json\/wp\/v2\/pages"}],"about":[{"href":"https:\/\/cologistics.com\/de\/wp-json\/wp\/v2\/types\/page"}],"author":[{"embeddable":true,"href":"https:\/\/cologistics.com\/de\/wp-json\/wp\/v2\/users\/1"}],"replies":[{"embeddable":true,"href":"https:\/\/cologistics.com\/de\/wp-json\/wp\/v2\/comments?post=617"}],"version-history":[{"count":43,"href":"https:\/\/cologistics.com\/de\/wp-json\/wp\/v2\/pages\/617\/revisions"}],"predecessor-version":[{"id":1561,"href":"https:\/\/cologistics.com\/de\/wp-json\/wp\/v2\/pages\/617\/revisions\/1561"}],"wp:attachment":[{"href":"https:\/\/cologistics.com\/de\/wp-json\/wp\/v2\/media?parent=617"}],"curies":[{"name":"wp","href":"https:\/\/api.w.org\/{rel}","templated":true}]}}