{"id":442,"date":"2023-07-12T18:34:47","date_gmt":"2023-07-12T15:34:47","guid":{"rendered":"https:\/\/test.cologistics.com\/?page_id=442"},"modified":"2023-10-26T17:54:27","modified_gmt":"2023-10-26T14:54:27","slug":"e-commerce-fulfillment","status":"publish","type":"page","link":"https:\/\/cologistics.com\/de\/leistungen\/e-commerce-fulfillment\/","title":{"rendered":"E-Commerce-Fulfillment"},"content":{"rendered":"\t\t<div data-elementor-type=\"wp-page\" data-elementor-id=\"442\" class=\"elementor elementor-442\">\n\t\t\t\t<div class=\"elementor-element elementor-element-4847487 e-flex e-con-boxed e-con e-parent\" data-id=\"4847487\" data-element_type=\"container\" data-e-type=\"container\" data-settings=\"{&quot;background_background&quot;:&quot;classic&quot;}\">\n\t\t\t\t\t<div class=\"e-con-inner\">\n\t\t<div class=\"elementor-element elementor-element-d3f7fc9 e-con-full e-flex e-con e-child\" data-id=\"d3f7fc9\" data-element_type=\"container\" data-e-type=\"container\">\n\t\t\t\t<div class=\"elementor-element elementor-element-0885872 elementor-widget elementor-widget-heading\" data-id=\"0885872\" data-element_type=\"widget\" data-e-type=\"widget\" data-widget_type=\"heading.default\">\n\t\t\t\t<div class=\"elementor-widget-container\">\n\t\t\t\t\t<p class=\"elementor-heading-title elementor-size-default\">Leistungen<\/p>\t\t\t\t<\/div>\n\t\t\t\t<\/div>\n\t\t\t\t<div class=\"elementor-element elementor-element-651da77 elementor-widget elementor-widget-heading\" data-id=\"651da77\" data-element_type=\"widget\" data-e-type=\"widget\" data-widget_type=\"heading.default\">\n\t\t\t\t<div class=\"elementor-widget-container\">\n\t\t\t\t\t<h1 class=\"elementor-heading-title elementor-size-default\">E-Commerce-Fulfillment<\/h1>\t\t\t\t<\/div>\n\t\t\t\t<\/div>\n\t\t\t\t<\/div>\n\t\t\t\t\t<\/div>\n\t\t\t\t<\/div>\n\t\t<div class=\"elementor-element elementor-element-b61fb7b e-flex e-con-boxed e-con e-parent\" data-id=\"b61fb7b\" data-element_type=\"container\" data-e-type=\"container\">\n\t\t\t\t\t<div class=\"e-con-inner\">\n\t\t<div class=\"elementor-element elementor-element-1a10014 e-con-full e-flex e-con e-child\" data-id=\"1a10014\" data-element_type=\"container\" data-e-type=\"container\">\n\t\t<div class=\"elementor-element elementor-element-e24fd09 e-flex e-con-boxed e-con e-child\" data-id=\"e24fd09\" data-element_type=\"container\" data-e-type=\"container\">\n\t\t\t\t\t<div class=\"e-con-inner\">\n\t\t\t\t<div class=\"elementor-element elementor-element-d175705 elementor-widget elementor-widget-heading\" data-id=\"d175705\" data-element_type=\"widget\" data-e-type=\"widget\" data-widget_type=\"heading.default\">\n\t\t\t\t<div class=\"elementor-widget-container\">\n\t\t\t\t\t<h2 class=\"elementor-heading-title elementor-size-default\">Calenberg E-Commerce Fulfillment - Effizienter Erfolg f\u00fcr Ihren Online-Shop<\/h2>\t\t\t\t<\/div>\n\t\t\t\t<\/div>\n\t\t\t\t<div class=\"elementor-element elementor-element-fe1b355 elementor-widget elementor-widget-text-editor\" data-id=\"fe1b355\" data-element_type=\"widget\" data-e-type=\"widget\" data-widget_type=\"text-editor.default\">\n\t\t\t\t<div class=\"elementor-widget-container\">\n\t\t\t\t\t\t\t\t\t<p>Willkommen bei unserem E-Commerce Fulfillment-Service. Dieser Bereich hat in den letzten Jahren stark zugelegt, und auch wir entwickeln uns stetig weiter.<\/p><p>Von der Lagerung \u00fcber &#8222;Picking and Packing&#8220; bis zur Verpackung k\u00f6nnen wir Ihnen ma\u00dfgeschneiderte L\u00f6sungen f\u00fcr Ihren E-Commerce anbieten.<\/p><p>Wenn n\u00f6tig, bieten wir ganze Arbeitsstra\u00dfen in unserem eigenen Lager mit unseren eigenen Mitarbeitern an, um auch Sonderw\u00fcnsche oder Ausbesserungsarbeiten schnell und effizient umsetzen zu k\u00f6nnen.<\/p><p>Ein Retouren-Service geh\u00f6rt ebenso zu unseren Dienstleistungen.<\/p>\t\t\t\t\t\t\t\t<\/div>\n\t\t\t\t<\/div>\n\t\t\t\t<div class=\"elementor-element elementor-element-54c33bb elementor-widget elementor-widget-button\" data-id=\"54c33bb\" data-element_type=\"widget\" data-e-type=\"widget\" data-widget_type=\"button.default\">\n\t\t\t\t<div class=\"elementor-widget-container\">\n\t\t\t\t\t\t\t\t\t<div class=\"elementor-button-wrapper\">\n\t\t\t\t\t<a class=\"elementor-button elementor-button-link elementor-size-sm\" href=\"https:\/\/cologistics.com\/kontakt\/\">\n\t\t\t\t\t\t<span class=\"elementor-button-content-wrapper\">\n\t\t\t\t\t\t\t\t\t<span class=\"elementor-button-text\">Angebot Anfordern<\/span>\n\t\t\t\t\t<\/span>\n\t\t\t\t\t<\/a>\n\t\t\t\t<\/div>\n\t\t\t\t\t\t\t\t<\/div>\n\t\t\t\t<\/div>\n\t\t\t\t\t<\/div>\n\t\t\t\t<\/div>\n\t\t\t\t<\/div>\n\t\t\t\t\t<\/div>\n\t\t\t\t<\/div>\n\t\t\t\t<\/div>\n\t\t","protected":false},"excerpt":{"rendered":"<p>Leistungen E-Commerce-Fulfillment Calenberg E-Commerce Fulfillment &#8211; Effizienter Erfolg f\u00fcr Ihren Online-Shop Willkommen bei unserem E-Commerce Fulfillment-Service. Dieser Bereich hat in den letzten Jahren stark zugelegt, und auch wir entwickeln uns stetig weiter. Von der Lagerung \u00fcber &#8222;Picking and Packing&#8220; bis zur Verpackung k\u00f6nnen wir Ihnen ma\u00dfgeschneiderte L\u00f6sungen f\u00fcr Ihren E-Commerce anbieten. Wenn n\u00f6tig, bieten wir [&hellip;]<\/p>\n","protected":false},"author":1,"featured_media":0,"parent":86,"menu_order":0,"comment_status":"closed","ping_status":"closed","template":"elementor_header_footer","meta":{"_monsterinsights_skip_tracking":false,"_monsterinsights_sitenote_active":false,"_monsterinsights_sitenote_note":"","_monsterinsights_sitenote_category":0,"footnotes":""},"class_list":["post-442","page","type-page","status-publish","hentry"],"_links":{"self":[{"href":"https:\/\/cologistics.com\/de\/wp-json\/wp\/v2\/pages\/442","targetHints":{"allow":["GET"]}}],"collection":[{"href":"https:\/\/cologistics.com\/de\/wp-json\/wp\/v2\/pages"}],"about":[{"href":"https:\/\/cologistics.com\/de\/wp-json\/wp\/v2\/types\/page"}],"author":[{"embeddable":true,"href":"https:\/\/cologistics.com\/de\/wp-json\/wp\/v2\/users\/1"}],"replies":[{"embeddable":true,"href":"https:\/\/cologistics.com\/de\/wp-json\/wp\/v2\/comments?post=442"}],"version-history":[{"count":37,"href":"https:\/\/cologistics.com\/de\/wp-json\/wp\/v2\/pages\/442\/revisions"}],"predecessor-version":[{"id":1357,"href":"https:\/\/cologistics.com\/de\/wp-json\/wp\/v2\/pages\/442\/revisions\/1357"}],"up":[{"embeddable":true,"href":"https:\/\/cologistics.com\/de\/wp-json\/wp\/v2\/pages\/86"}],"wp:attachment":[{"href":"https:\/\/cologistics.com\/de\/wp-json\/wp\/v2\/media?parent=442"}],"curies":[{"name":"wp","href":"https:\/\/api.w.org\/{rel}","templated":true}]}}