{"id":440,"date":"2023-07-12T18:34:33","date_gmt":"2023-07-12T15:34:33","guid":{"rendered":"https:\/\/test.cologistics.com\/?page_id=440"},"modified":"2023-10-26T17:57:33","modified_gmt":"2023-10-26T14:57:33","slug":"neumoebellogistik","status":"publish","type":"page","link":"https:\/\/cologistics.com\/de\/leistungen\/neumoebellogistik\/","title":{"rendered":"Neum\u00f6bellogistik"},"content":{"rendered":"\t\t<div data-elementor-type=\"wp-page\" data-elementor-id=\"440\" class=\"elementor elementor-440\">\n\t\t\t\t<div class=\"elementor-element elementor-element-2a0d9b3 e-flex e-con-boxed e-con e-parent\" data-id=\"2a0d9b3\" data-element_type=\"container\" data-e-type=\"container\" data-settings=\"{&quot;background_background&quot;:&quot;classic&quot;}\">\n\t\t\t\t\t<div class=\"e-con-inner\">\n\t\t<div class=\"elementor-element elementor-element-71dde41 e-con-full e-flex e-con e-child\" data-id=\"71dde41\" data-element_type=\"container\" data-e-type=\"container\">\n\t\t\t\t<div class=\"elementor-element elementor-element-c03ceb3 elementor-widget elementor-widget-heading\" data-id=\"c03ceb3\" data-element_type=\"widget\" data-e-type=\"widget\" data-widget_type=\"heading.default\">\n\t\t\t\t<div class=\"elementor-widget-container\">\n\t\t\t\t\t<p class=\"elementor-heading-title elementor-size-default\">Leistungen<\/p>\t\t\t\t<\/div>\n\t\t\t\t<\/div>\n\t\t\t\t<div class=\"elementor-element elementor-element-2ade753 elementor-widget elementor-widget-heading\" data-id=\"2ade753\" data-element_type=\"widget\" data-e-type=\"widget\" data-widget_type=\"heading.default\">\n\t\t\t\t<div class=\"elementor-widget-container\">\n\t\t\t\t\t<h1 class=\"elementor-heading-title elementor-size-default\">Neum\u00f6bellogistik<\/h1>\t\t\t\t<\/div>\n\t\t\t\t<\/div>\n\t\t\t\t<\/div>\n\t\t\t\t\t<\/div>\n\t\t\t\t<\/div>\n\t\t<div class=\"elementor-element elementor-element-cd786e6 e-flex e-con-boxed e-con e-parent\" data-id=\"cd786e6\" data-element_type=\"container\" data-e-type=\"container\">\n\t\t\t\t\t<div class=\"e-con-inner\">\n\t\t<div class=\"elementor-element elementor-element-67aea0f e-con-full e-flex e-con e-child\" data-id=\"67aea0f\" data-element_type=\"container\" data-e-type=\"container\">\n\t\t<div class=\"elementor-element elementor-element-50bc53f e-flex e-con-boxed e-con e-child\" data-id=\"50bc53f\" data-element_type=\"container\" data-e-type=\"container\">\n\t\t\t\t\t<div class=\"e-con-inner\">\n\t\t\t\t<div class=\"elementor-element elementor-element-fc4b2d9 elementor-widget elementor-widget-heading\" data-id=\"fc4b2d9\" data-element_type=\"widget\" data-e-type=\"widget\" data-widget_type=\"heading.default\">\n\t\t\t\t<div class=\"elementor-widget-container\">\n\t\t\t\t\t<h2 class=\"elementor-heading-title elementor-size-default\">Calenberg Neum\u00f6bellogistik - Pr\u00e4zise L\u00f6sungen f\u00fcr hochwertige M\u00f6bel<\/h2>\t\t\t\t<\/div>\n\t\t\t\t<\/div>\n\t\t\t\t<div class=\"elementor-element elementor-element-52dc353 elementor-widget elementor-widget-text-editor\" data-id=\"52dc353\" data-element_type=\"widget\" data-e-type=\"widget\" data-widget_type=\"text-editor.default\">\n\t\t\t\t<div class=\"elementor-widget-container\">\n\t\t\t\t\t\t\t\t\t<p>Der Transport von Neum\u00f6beln erfordert besondere Sorgfalt. Unsere spezialisierte Neum\u00f6bellogistik bietet Ihnen ma\u00dfgeschneiderte L\u00f6sungen f\u00fcr einen reibungslosen und sicheren Ablauf.<\/p><p>Ob Polsterm\u00f6bel, Kastenm\u00f6bel oder Betten \u2013 wir sind Ihr kompetenter Ansprechpartner.<\/p><p><br \/>Unser erfahrenes Team von Logistikexperten steht Ihnen zur Seite, um Ihre hochwertigen M\u00f6bel termingerecht und professionell zu verwalten.<\/p><p>Von der sicheren Lagerung bis zur p\u00fcnktlichen Auslieferung an Ihre Kunden k\u00fcmmern wir uns um jeden Schritt der Neum\u00f6bellogistik.<\/p><p>Verlassen Sie sich auf unsere Fachkompetenz und unsere Leidenschaft f\u00fcr die Lagerung, den Transport sowie das Zwei-Mann-Handling Ihrer Neum\u00f6bel.<\/p><p>Kontaktieren Sie uns noch heute, um mehr dar\u00fcber zu erfahren, wie wir Ihnen helfen k\u00f6nnen, Ihre Neum\u00f6bellogistik zu optimieren.<\/p><p>Gemeinsam sichern wir den Erfolg Ihrer M\u00f6beltransporte und sorgen f\u00fcr zufriedene Kunden!<\/p>\t\t\t\t\t\t\t\t<\/div>\n\t\t\t\t<\/div>\n\t\t\t\t<div class=\"elementor-element elementor-element-77ca85d elementor-widget elementor-widget-button\" data-id=\"77ca85d\" data-element_type=\"widget\" data-e-type=\"widget\" data-widget_type=\"button.default\">\n\t\t\t\t<div class=\"elementor-widget-container\">\n\t\t\t\t\t\t\t\t\t<div class=\"elementor-button-wrapper\">\n\t\t\t\t\t<a class=\"elementor-button elementor-button-link elementor-size-sm\" href=\"https:\/\/cologistics.com\/kontakt\/\">\n\t\t\t\t\t\t<span class=\"elementor-button-content-wrapper\">\n\t\t\t\t\t\t\t\t\t<span class=\"elementor-button-text\">Angebot Anfordern<\/span>\n\t\t\t\t\t<\/span>\n\t\t\t\t\t<\/a>\n\t\t\t\t<\/div>\n\t\t\t\t\t\t\t\t<\/div>\n\t\t\t\t<\/div>\n\t\t\t\t\t<\/div>\n\t\t\t\t<\/div>\n\t\t<div class=\"elementor-element elementor-element-966579e e-flex e-con-boxed e-con e-child\" data-id=\"966579e\" data-element_type=\"container\" data-e-type=\"container\" data-settings=\"{&quot;background_background&quot;:&quot;classic&quot;}\">\n\t\t\t\t\t<div class=\"e-con-inner\">\n\t\t\t\t\t<\/div>\n\t\t\t\t<\/div>\n\t\t\t\t<\/div>\n\t\t\t\t\t<\/div>\n\t\t\t\t<\/div>\n\t\t\t\t<\/div>\n\t\t","protected":false},"excerpt":{"rendered":"<p>Leistungen Neum\u00f6bellogistik Calenberg Neum\u00f6bellogistik &#8211; Pr\u00e4zise L\u00f6sungen f\u00fcr hochwertige M\u00f6bel Der Transport von Neum\u00f6beln erfordert besondere Sorgfalt. Unsere spezialisierte Neum\u00f6bellogistik bietet Ihnen ma\u00dfgeschneiderte L\u00f6sungen f\u00fcr einen reibungslosen und sicheren Ablauf. Ob Polsterm\u00f6bel, Kastenm\u00f6bel oder Betten \u2013 wir sind Ihr kompetenter Ansprechpartner. Unser erfahrenes Team von Logistikexperten steht Ihnen zur Seite, um Ihre hochwertigen M\u00f6bel termingerecht [&hellip;]<\/p>\n","protected":false},"author":1,"featured_media":0,"parent":86,"menu_order":0,"comment_status":"closed","ping_status":"closed","template":"elementor_header_footer","meta":{"_monsterinsights_skip_tracking":false,"_monsterinsights_sitenote_active":false,"_monsterinsights_sitenote_note":"","_monsterinsights_sitenote_category":0,"footnotes":""},"class_list":["post-440","page","type-page","status-publish","hentry"],"_links":{"self":[{"href":"https:\/\/cologistics.com\/de\/wp-json\/wp\/v2\/pages\/440","targetHints":{"allow":["GET"]}}],"collection":[{"href":"https:\/\/cologistics.com\/de\/wp-json\/wp\/v2\/pages"}],"about":[{"href":"https:\/\/cologistics.com\/de\/wp-json\/wp\/v2\/types\/page"}],"author":[{"embeddable":true,"href":"https:\/\/cologistics.com\/de\/wp-json\/wp\/v2\/users\/1"}],"replies":[{"embeddable":true,"href":"https:\/\/cologistics.com\/de\/wp-json\/wp\/v2\/comments?post=440"}],"version-history":[{"count":37,"href":"https:\/\/cologistics.com\/de\/wp-json\/wp\/v2\/pages\/440\/revisions"}],"predecessor-version":[{"id":1372,"href":"https:\/\/cologistics.com\/de\/wp-json\/wp\/v2\/pages\/440\/revisions\/1372"}],"up":[{"embeddable":true,"href":"https:\/\/cologistics.com\/de\/wp-json\/wp\/v2\/pages\/86"}],"wp:attachment":[{"href":"https:\/\/cologistics.com\/de\/wp-json\/wp\/v2\/media?parent=440"}],"curies":[{"name":"wp","href":"https:\/\/api.w.org\/{rel}","templated":true}]}}