{"id":438,"date":"2023-07-12T18:34:05","date_gmt":"2023-07-12T15:34:05","guid":{"rendered":"https:\/\/test.cologistics.com\/?page_id=438"},"modified":"2023-10-26T17:58:03","modified_gmt":"2023-10-26T14:58:03","slug":"projektlogistik","status":"publish","type":"page","link":"https:\/\/cologistics.com\/de\/leistungen\/projektlogistik\/","title":{"rendered":"Projektlogistik"},"content":{"rendered":"\t\t<div data-elementor-type=\"wp-page\" data-elementor-id=\"438\" class=\"elementor elementor-438\">\n\t\t\t\t<div class=\"elementor-element elementor-element-fc92969 e-flex e-con-boxed e-con e-parent\" data-id=\"fc92969\" data-element_type=\"container\" data-e-type=\"container\" data-settings=\"{&quot;background_background&quot;:&quot;classic&quot;}\">\n\t\t\t\t\t<div class=\"e-con-inner\">\n\t\t<div class=\"elementor-element elementor-element-a6f0c07 e-con-full e-flex e-con e-child\" data-id=\"a6f0c07\" data-element_type=\"container\" data-e-type=\"container\">\n\t\t\t\t<div class=\"elementor-element elementor-element-ad68d5e elementor-widget elementor-widget-heading\" data-id=\"ad68d5e\" data-element_type=\"widget\" data-e-type=\"widget\" data-widget_type=\"heading.default\">\n\t\t\t\t<div class=\"elementor-widget-container\">\n\t\t\t\t\t<p class=\"elementor-heading-title elementor-size-default\">Leistungen<\/p>\t\t\t\t<\/div>\n\t\t\t\t<\/div>\n\t\t\t\t<div class=\"elementor-element elementor-element-4b0de48 elementor-widget elementor-widget-heading\" data-id=\"4b0de48\" data-element_type=\"widget\" data-e-type=\"widget\" data-widget_type=\"heading.default\">\n\t\t\t\t<div class=\"elementor-widget-container\">\n\t\t\t\t\t<h1 class=\"elementor-heading-title elementor-size-default\">Projektlogistik<\/h1>\t\t\t\t<\/div>\n\t\t\t\t<\/div>\n\t\t\t\t<\/div>\n\t\t\t\t\t<\/div>\n\t\t\t\t<\/div>\n\t\t<div class=\"elementor-element elementor-element-8b0a85a e-flex e-con-boxed e-con e-parent\" data-id=\"8b0a85a\" data-element_type=\"container\" data-e-type=\"container\">\n\t\t\t\t\t<div class=\"e-con-inner\">\n\t\t<div class=\"elementor-element elementor-element-91f3a41 e-con-full e-flex e-con e-child\" data-id=\"91f3a41\" data-element_type=\"container\" data-e-type=\"container\">\n\t\t<div class=\"elementor-element elementor-element-d2c0c39 e-flex e-con-boxed e-con e-child\" data-id=\"d2c0c39\" data-element_type=\"container\" data-e-type=\"container\">\n\t\t\t\t\t<div class=\"e-con-inner\">\n\t\t\t\t<div class=\"elementor-element elementor-element-3dc320f elementor-widget elementor-widget-heading\" data-id=\"3dc320f\" data-element_type=\"widget\" data-e-type=\"widget\" data-widget_type=\"heading.default\">\n\t\t\t\t<div class=\"elementor-widget-container\">\n\t\t\t\t\t<h2 class=\"elementor-heading-title elementor-size-default\">Calenberg Projektlogistik - Ma\u00dfgeschneiderte L\u00f6sungen f\u00fcr Ihre Herausforderungen<\/h2>\t\t\t\t<\/div>\n\t\t\t\t<\/div>\n\t\t\t\t<div class=\"elementor-element elementor-element-b70a8f5 elementor-widget elementor-widget-text-editor\" data-id=\"b70a8f5\" data-element_type=\"widget\" data-e-type=\"widget\" data-widget_type=\"text-editor.default\">\n\t\t\t\t<div class=\"elementor-widget-container\">\n\t\t\t\t\t\t\t\t\t<p>Uns ist klar, dass Projekte in der Logistik eine einzigartige Komplexit\u00e4t mit sich bringen. Wir setzen uns gerne mit Ihnen zusammen und planen Ihre Projekte \u2013 von der Erstellung der Zollpapiere und Abwicklung der Importverzollung \u00fcber die Besorgung von Sondergenehmigungen und Be- und Entlademaschinen (z. B. Schwerlast-Gabelstapler oder Kran) bis hin zu Umladungen im Ankunfts- oder Abgangshafen. Selbstverst\u00e4ndlich k\u00fcmmern wir uns auch um die Abholung bzw. Auslieferung der Waren an den gew\u00fcnschten Bestimmungsort.<\/p>\t\t\t\t\t\t\t\t<\/div>\n\t\t\t\t<\/div>\n\t\t\t\t<div class=\"elementor-element elementor-element-b98307e elementor-widget elementor-widget-button\" data-id=\"b98307e\" data-element_type=\"widget\" data-e-type=\"widget\" data-widget_type=\"button.default\">\n\t\t\t\t<div class=\"elementor-widget-container\">\n\t\t\t\t\t\t\t\t\t<div class=\"elementor-button-wrapper\">\n\t\t\t\t\t<a class=\"elementor-button elementor-button-link elementor-size-sm\" href=\"https:\/\/cologistics.com\/kontakt\/\">\n\t\t\t\t\t\t<span class=\"elementor-button-content-wrapper\">\n\t\t\t\t\t\t\t\t\t<span class=\"elementor-button-text\">Angebot Anfordern<\/span>\n\t\t\t\t\t<\/span>\n\t\t\t\t\t<\/a>\n\t\t\t\t<\/div>\n\t\t\t\t\t\t\t\t<\/div>\n\t\t\t\t<\/div>\n\t\t\t\t\t<\/div>\n\t\t\t\t<\/div>\n\t\t<div class=\"elementor-element elementor-element-a40cc86 e-flex e-con-boxed e-con e-child\" data-id=\"a40cc86\" data-element_type=\"container\" data-e-type=\"container\" data-settings=\"{&quot;background_background&quot;:&quot;classic&quot;}\">\n\t\t\t\t\t<div class=\"e-con-inner\">\n\t\t\t\t\t<\/div>\n\t\t\t\t<\/div>\n\t\t\t\t<\/div>\n\t\t\t\t\t<\/div>\n\t\t\t\t<\/div>\n\t\t\t\t<\/div>\n\t\t","protected":false},"excerpt":{"rendered":"<p>Leistungen Projektlogistik Calenberg Projektlogistik &#8211; Ma\u00dfgeschneiderte L\u00f6sungen f\u00fcr Ihre Herausforderungen Uns ist klar, dass Projekte in der Logistik eine einzigartige Komplexit\u00e4t mit sich bringen. Wir setzen uns gerne mit Ihnen zusammen und planen Ihre Projekte \u2013 von der Erstellung der Zollpapiere und Abwicklung der Importverzollung \u00fcber die Besorgung von Sondergenehmigungen und Be- und Entlademaschinen (z. [&hellip;]<\/p>\n","protected":false},"author":1,"featured_media":0,"parent":86,"menu_order":0,"comment_status":"closed","ping_status":"closed","template":"elementor_header_footer","meta":{"_monsterinsights_skip_tracking":false,"_monsterinsights_sitenote_active":false,"_monsterinsights_sitenote_note":"","_monsterinsights_sitenote_category":0,"footnotes":""},"class_list":["post-438","page","type-page","status-publish","hentry"],"_links":{"self":[{"href":"https:\/\/cologistics.com\/de\/wp-json\/wp\/v2\/pages\/438","targetHints":{"allow":["GET"]}}],"collection":[{"href":"https:\/\/cologistics.com\/de\/wp-json\/wp\/v2\/pages"}],"about":[{"href":"https:\/\/cologistics.com\/de\/wp-json\/wp\/v2\/types\/page"}],"author":[{"embeddable":true,"href":"https:\/\/cologistics.com\/de\/wp-json\/wp\/v2\/users\/1"}],"replies":[{"embeddable":true,"href":"https:\/\/cologistics.com\/de\/wp-json\/wp\/v2\/comments?post=438"}],"version-history":[{"count":52,"href":"https:\/\/cologistics.com\/de\/wp-json\/wp\/v2\/pages\/438\/revisions"}],"predecessor-version":[{"id":1375,"href":"https:\/\/cologistics.com\/de\/wp-json\/wp\/v2\/pages\/438\/revisions\/1375"}],"up":[{"embeddable":true,"href":"https:\/\/cologistics.com\/de\/wp-json\/wp\/v2\/pages\/86"}],"wp:attachment":[{"href":"https:\/\/cologistics.com\/de\/wp-json\/wp\/v2\/media?parent=438"}],"curies":[{"name":"wp","href":"https:\/\/api.w.org\/{rel}","templated":true}]}}