{"id":436,"date":"2023-07-12T18:33:52","date_gmt":"2023-07-12T15:33:52","guid":{"rendered":"https:\/\/test.cologistics.com\/?page_id=436"},"modified":"2023-10-26T17:51:14","modified_gmt":"2023-10-26T14:51:14","slug":"messelogistik","status":"publish","type":"page","link":"https:\/\/cologistics.com\/de\/leistungen\/messelogistik\/","title":{"rendered":"Messelogistik"},"content":{"rendered":"\t\t<div data-elementor-type=\"wp-page\" data-elementor-id=\"436\" class=\"elementor elementor-436\">\n\t\t\t\t<div class=\"elementor-element elementor-element-c8e650e e-flex e-con-boxed e-con e-parent\" data-id=\"c8e650e\" data-element_type=\"container\" data-e-type=\"container\" data-settings=\"{&quot;background_background&quot;:&quot;classic&quot;}\">\n\t\t\t\t\t<div class=\"e-con-inner\">\n\t\t<div class=\"elementor-element elementor-element-00569d1 e-con-full e-flex e-con e-child\" data-id=\"00569d1\" data-element_type=\"container\" data-e-type=\"container\">\n\t\t\t\t<div class=\"elementor-element elementor-element-e003fa5 elementor-widget elementor-widget-heading\" data-id=\"e003fa5\" data-element_type=\"widget\" data-e-type=\"widget\" data-widget_type=\"heading.default\">\n\t\t\t\t<div class=\"elementor-widget-container\">\n\t\t\t\t\t<p class=\"elementor-heading-title elementor-size-default\">Leistungen<\/p>\t\t\t\t<\/div>\n\t\t\t\t<\/div>\n\t\t\t\t<div class=\"elementor-element elementor-element-d61d926 elementor-widget elementor-widget-heading\" data-id=\"d61d926\" data-element_type=\"widget\" data-e-type=\"widget\" data-widget_type=\"heading.default\">\n\t\t\t\t<div class=\"elementor-widget-container\">\n\t\t\t\t\t<h1 class=\"elementor-heading-title elementor-size-default\">Messelogistik<\/h1>\t\t\t\t<\/div>\n\t\t\t\t<\/div>\n\t\t\t\t<\/div>\n\t\t\t\t\t<\/div>\n\t\t\t\t<\/div>\n\t\t<div class=\"elementor-element elementor-element-1844d9a e-flex e-con-boxed e-con e-parent\" data-id=\"1844d9a\" data-element_type=\"container\" data-e-type=\"container\">\n\t\t\t\t\t<div class=\"e-con-inner\">\n\t\t<div class=\"elementor-element elementor-element-3419506 e-con-full e-flex e-con e-child\" data-id=\"3419506\" data-element_type=\"container\" data-e-type=\"container\">\n\t\t<div class=\"elementor-element elementor-element-b00ea93 e-flex e-con-boxed e-con e-child\" data-id=\"b00ea93\" data-element_type=\"container\" data-e-type=\"container\">\n\t\t\t\t\t<div class=\"e-con-inner\">\n\t\t\t\t<div class=\"elementor-element elementor-element-e5865ac elementor-widget elementor-widget-heading\" data-id=\"e5865ac\" data-element_type=\"widget\" data-e-type=\"widget\" data-widget_type=\"heading.default\">\n\t\t\t\t<div class=\"elementor-widget-container\">\n\t\t\t\t\t<h2 class=\"elementor-heading-title elementor-size-default\">Calenberg Messelogistik - Effiziente Unterst\u00fctzung f\u00fcr Ihren Messeerfolg<\/h2>\t\t\t\t<\/div>\n\t\t\t\t<\/div>\n\t\t\t\t<div class=\"elementor-element elementor-element-c6a4307 elementor-widget elementor-widget-text-editor\" data-id=\"c6a4307\" data-element_type=\"widget\" data-e-type=\"widget\" data-widget_type=\"text-editor.default\">\n\t\t\t\t<div class=\"elementor-widget-container\">\n\t\t\t\t\t\t\t\t\t<p>Im Bereich Messelogistik sind wir nicht nur in K\u00f6ln, sondern auch deutschlandweit sehr gut aufgestellt und k\u00f6nnen Ihnen gerne helfen, Ihre Produkte angemessen zu pr\u00e4sentieren. Nat\u00fcrlich ist bei Ausstellungen und Messen das Thema P\u00fcnktlichkeit ein ganz entscheidender Faktor, denn nichts ist schlimmer als ein leerer Messestand.<\/p><p>Wir haben Zugang zu den meisten Bezahlsystemen, die heutzutage n\u00f6tig geworden sind, um Liefer- oder Abholslots an der Messe zu buchen.<\/p><p>Vertrauen Sie auf unser Know-how und machen Sie Ihre n\u00e4chste Messe zu einem vollen Erfolg. Gehen Sie sie stressfrei an, da Sie wissen, dass Ihre Ausstellungst\u00fccke bereits wie abgemacht am Messestand auf Sie warten.<\/p>\t\t\t\t\t\t\t\t<\/div>\n\t\t\t\t<\/div>\n\t\t\t\t<div class=\"elementor-element elementor-element-813f557 elementor-align-left elementor-widget elementor-widget-button\" data-id=\"813f557\" data-element_type=\"widget\" data-e-type=\"widget\" data-widget_type=\"button.default\">\n\t\t\t\t<div class=\"elementor-widget-container\">\n\t\t\t\t\t\t\t\t\t<div class=\"elementor-button-wrapper\">\n\t\t\t\t\t<a class=\"elementor-button elementor-button-link elementor-size-sm\" href=\"https:\/\/cologistics.com\/kontakt\/\">\n\t\t\t\t\t\t<span class=\"elementor-button-content-wrapper\">\n\t\t\t\t\t\t\t\t\t<span class=\"elementor-button-text\">Angebot Anfordern<\/span>\n\t\t\t\t\t<\/span>\n\t\t\t\t\t<\/a>\n\t\t\t\t<\/div>\n\t\t\t\t\t\t\t\t<\/div>\n\t\t\t\t<\/div>\n\t\t\t\t\t<\/div>\n\t\t\t\t<\/div>\n\t\t<div class=\"elementor-element elementor-element-efe7986 e-flex e-con-boxed e-con e-child\" data-id=\"efe7986\" data-element_type=\"container\" data-e-type=\"container\" data-settings=\"{&quot;background_background&quot;:&quot;classic&quot;}\">\n\t\t\t\t\t<div class=\"e-con-inner\">\n\t\t\t\t\t<\/div>\n\t\t\t\t<\/div>\n\t\t\t\t<\/div>\n\t\t\t\t\t<\/div>\n\t\t\t\t<\/div>\n\t\t\t\t<\/div>\n\t\t","protected":false},"excerpt":{"rendered":"<p>Leistungen Messelogistik Calenberg Messelogistik &#8211; Effiziente Unterst\u00fctzung f\u00fcr Ihren Messeerfolg Im Bereich Messelogistik sind wir nicht nur in K\u00f6ln, sondern auch deutschlandweit sehr gut aufgestellt und k\u00f6nnen Ihnen gerne helfen, Ihre Produkte angemessen zu pr\u00e4sentieren. Nat\u00fcrlich ist bei Ausstellungen und Messen das Thema P\u00fcnktlichkeit ein ganz entscheidender Faktor, denn nichts ist schlimmer als ein leerer [&hellip;]<\/p>\n","protected":false},"author":1,"featured_media":0,"parent":86,"menu_order":0,"comment_status":"closed","ping_status":"closed","template":"elementor_header_footer","meta":{"_monsterinsights_skip_tracking":false,"_monsterinsights_sitenote_active":false,"_monsterinsights_sitenote_note":"","_monsterinsights_sitenote_category":0,"footnotes":""},"class_list":["post-436","page","type-page","status-publish","hentry"],"_links":{"self":[{"href":"https:\/\/cologistics.com\/de\/wp-json\/wp\/v2\/pages\/436","targetHints":{"allow":["GET"]}}],"collection":[{"href":"https:\/\/cologistics.com\/de\/wp-json\/wp\/v2\/pages"}],"about":[{"href":"https:\/\/cologistics.com\/de\/wp-json\/wp\/v2\/types\/page"}],"author":[{"embeddable":true,"href":"https:\/\/cologistics.com\/de\/wp-json\/wp\/v2\/users\/1"}],"replies":[{"embeddable":true,"href":"https:\/\/cologistics.com\/de\/wp-json\/wp\/v2\/comments?post=436"}],"version-history":[{"count":61,"href":"https:\/\/cologistics.com\/de\/wp-json\/wp\/v2\/pages\/436\/revisions"}],"predecessor-version":[{"id":1348,"href":"https:\/\/cologistics.com\/de\/wp-json\/wp\/v2\/pages\/436\/revisions\/1348"}],"up":[{"embeddable":true,"href":"https:\/\/cologistics.com\/de\/wp-json\/wp\/v2\/pages\/86"}],"wp:attachment":[{"href":"https:\/\/cologistics.com\/de\/wp-json\/wp\/v2\/media?parent=436"}],"curies":[{"name":"wp","href":"https:\/\/api.w.org\/{rel}","templated":true}]}}