{"id":430,"date":"2023-07-12T18:32:16","date_gmt":"2023-07-12T15:32:16","guid":{"rendered":"https:\/\/test.cologistics.com\/?page_id=430"},"modified":"2023-10-26T17:55:46","modified_gmt":"2023-10-26T14:55:46","slug":"lkw-strassentransport","status":"publish","type":"page","link":"https:\/\/cologistics.com\/de\/leistungen\/lkw-strassentransport\/","title":{"rendered":"LKW-Stra\u00dfentransport"},"content":{"rendered":"\t\t<div data-elementor-type=\"wp-page\" data-elementor-id=\"430\" class=\"elementor elementor-430\">\n\t\t\t\t<div class=\"elementor-element elementor-element-2f1bdc5 e-flex e-con-boxed e-con e-parent\" data-id=\"2f1bdc5\" data-element_type=\"container\" data-e-type=\"container\" data-settings=\"{&quot;background_background&quot;:&quot;classic&quot;}\">\n\t\t\t\t\t<div class=\"e-con-inner\">\n\t\t<div class=\"elementor-element elementor-element-e9ff669 e-con-full e-flex e-con e-child\" data-id=\"e9ff669\" data-element_type=\"container\" data-e-type=\"container\">\n\t\t\t\t<div class=\"elementor-element elementor-element-fcdc9c7 elementor-widget elementor-widget-heading\" data-id=\"fcdc9c7\" data-element_type=\"widget\" data-e-type=\"widget\" data-widget_type=\"heading.default\">\n\t\t\t\t<div class=\"elementor-widget-container\">\n\t\t\t\t\t<p class=\"elementor-heading-title elementor-size-default\">Leistungen<\/p>\t\t\t\t<\/div>\n\t\t\t\t<\/div>\n\t\t\t\t<div class=\"elementor-element elementor-element-3f51805 elementor-widget elementor-widget-heading\" data-id=\"3f51805\" data-element_type=\"widget\" data-e-type=\"widget\" data-widget_type=\"heading.default\">\n\t\t\t\t<div class=\"elementor-widget-container\">\n\t\t\t\t\t<h1 class=\"elementor-heading-title elementor-size-default\">LKW-Stra\u00dfentransport<\/h1>\t\t\t\t<\/div>\n\t\t\t\t<\/div>\n\t\t\t\t<\/div>\n\t\t\t\t\t<\/div>\n\t\t\t\t<\/div>\n\t\t<div class=\"elementor-element elementor-element-301d3fe e-flex e-con-boxed e-con e-parent\" data-id=\"301d3fe\" data-element_type=\"container\" data-e-type=\"container\">\n\t\t\t\t\t<div class=\"e-con-inner\">\n\t\t<div class=\"elementor-element elementor-element-1cce05a e-con-full e-flex e-con e-child\" data-id=\"1cce05a\" data-element_type=\"container\" data-e-type=\"container\">\n\t\t<div class=\"elementor-element elementor-element-64bca49 e-flex e-con-boxed e-con e-child\" data-id=\"64bca49\" data-element_type=\"container\" data-e-type=\"container\">\n\t\t\t\t\t<div class=\"e-con-inner\">\n\t\t\t\t<div class=\"elementor-element elementor-element-db171b4 elementor-widget elementor-widget-heading\" data-id=\"db171b4\" data-element_type=\"widget\" data-e-type=\"widget\" data-widget_type=\"heading.default\">\n\t\t\t\t<div class=\"elementor-widget-container\">\n\t\t\t\t\t<h2 class=\"elementor-heading-title elementor-size-default\">Calenberg LKW-Stra\u00dfentransport - Effiziente L\u00f6sungen f\u00fcr Ihren G\u00fcterverkehr<\/h2>\t\t\t\t<\/div>\n\t\t\t\t<\/div>\n\t\t\t\t<div class=\"elementor-element elementor-element-09ce502 elementor-widget elementor-widget-text-editor\" data-id=\"09ce502\" data-element_type=\"widget\" data-e-type=\"widget\" data-widget_type=\"text-editor.default\">\n\t\t\t\t<div class=\"elementor-widget-container\">\n\t\t\t\t\t\t\t\t\t<p>Unser junges, motiviertes Dispo-Team steht Ihnen bei all Ihren LKW-Sendungen zur Seite, um Ihre Waren termingerecht und sicher zu bef\u00f6rdern. Von der Planung bis zur Auslieferung \u2013 wir k\u00fcmmern uns f\u00fcr Sie um jeden einzelnen Schritt des Stra\u00dfentransports, ob per Express-Kurier im PKW oder als LKW-Komplettladung in ganz Europa.<\/p><p>Unsere LKW-Dienstleistungen kurz zusammengefasst:<\/p><ul><li>LKW-Komplettladung<\/li><li>Teil- und Beiladung<\/li><li>St\u00fcckgut\/Sammelgut<\/li><li>Quertransporte<\/li><li>Express- und Sondertransporte<\/li><li>Zustellung mit Hebeb\u00fchne<\/li><li>Container-Transporte<\/li><li>Kurier-Express-Lieferungen<\/li><\/ul><p>\u00a0<\/p><p>Calenberg Oversea Logistics hat Sondervereinbarungen mit den meisten f\u00fchrenden Transport-, Kurier- und Expressfirmen getroffen, um unsere Logistikerfahrung mit Ihren individuellen W\u00fcnschen kombinieren zu k\u00f6nnen.<\/p>\t\t\t\t\t\t\t\t<\/div>\n\t\t\t\t<\/div>\n\t\t\t\t<div class=\"elementor-element elementor-element-4443f52 elementor-widget elementor-widget-button\" data-id=\"4443f52\" data-element_type=\"widget\" data-e-type=\"widget\" data-widget_type=\"button.default\">\n\t\t\t\t<div class=\"elementor-widget-container\">\n\t\t\t\t\t\t\t\t\t<div class=\"elementor-button-wrapper\">\n\t\t\t\t\t<a class=\"elementor-button elementor-button-link elementor-size-sm\" href=\"https:\/\/cologistics.com\/kontakt\/\">\n\t\t\t\t\t\t<span class=\"elementor-button-content-wrapper\">\n\t\t\t\t\t\t\t\t\t<span class=\"elementor-button-text\">Angebot Anfordern<\/span>\n\t\t\t\t\t<\/span>\n\t\t\t\t\t<\/a>\n\t\t\t\t<\/div>\n\t\t\t\t\t\t\t\t<\/div>\n\t\t\t\t<\/div>\n\t\t\t\t\t<\/div>\n\t\t\t\t<\/div>\n\t\t<div class=\"elementor-element elementor-element-7f1cef6 e-flex e-con-boxed e-con e-child\" data-id=\"7f1cef6\" data-element_type=\"container\" data-e-type=\"container\" data-settings=\"{&quot;background_background&quot;:&quot;classic&quot;}\">\n\t\t\t\t\t<div class=\"e-con-inner\">\n\t\t\t\t\t<\/div>\n\t\t\t\t<\/div>\n\t\t\t\t<\/div>\n\t\t\t\t\t<\/div>\n\t\t\t\t<\/div>\n\t\t\t\t<\/div>\n\t\t","protected":false},"excerpt":{"rendered":"<p>Leistungen LKW-Stra\u00dfentransport Calenberg LKW-Stra\u00dfentransport &#8211; Effiziente L\u00f6sungen f\u00fcr Ihren G\u00fcterverkehr Unser junges, motiviertes Dispo-Team steht Ihnen bei all Ihren LKW-Sendungen zur Seite, um Ihre Waren termingerecht und sicher zu bef\u00f6rdern. Von der Planung bis zur Auslieferung \u2013 wir k\u00fcmmern uns f\u00fcr Sie um jeden einzelnen Schritt des Stra\u00dfentransports, ob per Express-Kurier im PKW oder als [&hellip;]<\/p>\n","protected":false},"author":1,"featured_media":0,"parent":86,"menu_order":0,"comment_status":"closed","ping_status":"closed","template":"elementor_header_footer","meta":{"_monsterinsights_skip_tracking":false,"_monsterinsights_sitenote_active":false,"_monsterinsights_sitenote_note":"","_monsterinsights_sitenote_category":0,"footnotes":""},"class_list":["post-430","page","type-page","status-publish","hentry"],"_links":{"self":[{"href":"https:\/\/cologistics.com\/de\/wp-json\/wp\/v2\/pages\/430","targetHints":{"allow":["GET"]}}],"collection":[{"href":"https:\/\/cologistics.com\/de\/wp-json\/wp\/v2\/pages"}],"about":[{"href":"https:\/\/cologistics.com\/de\/wp-json\/wp\/v2\/types\/page"}],"author":[{"embeddable":true,"href":"https:\/\/cologistics.com\/de\/wp-json\/wp\/v2\/users\/1"}],"replies":[{"embeddable":true,"href":"https:\/\/cologistics.com\/de\/wp-json\/wp\/v2\/comments?post=430"}],"version-history":[{"count":97,"href":"https:\/\/cologistics.com\/de\/wp-json\/wp\/v2\/pages\/430\/revisions"}],"predecessor-version":[{"id":1363,"href":"https:\/\/cologistics.com\/de\/wp-json\/wp\/v2\/pages\/430\/revisions\/1363"}],"up":[{"embeddable":true,"href":"https:\/\/cologistics.com\/de\/wp-json\/wp\/v2\/pages\/86"}],"wp:attachment":[{"href":"https:\/\/cologistics.com\/de\/wp-json\/wp\/v2\/media?parent=430"}],"curies":[{"name":"wp","href":"https:\/\/api.w.org\/{rel}","templated":true}]}}