{"id":349,"date":"2023-06-29T03:58:31","date_gmt":"2023-06-29T00:58:31","guid":{"rendered":"https:\/\/test.cologistics.com\/?page_id=349"},"modified":"2023-10-26T17:59:05","modified_gmt":"2023-10-26T14:59:05","slug":"zollservice","status":"publish","type":"page","link":"https:\/\/cologistics.com\/de\/leistungen\/zollservice\/","title":{"rendered":"Zollservice"},"content":{"rendered":"\t\t<div data-elementor-type=\"wp-page\" data-elementor-id=\"349\" class=\"elementor elementor-349\">\n\t\t\t\t<div class=\"elementor-element elementor-element-4fa2ac1 e-flex e-con-boxed e-con e-parent\" data-id=\"4fa2ac1\" data-element_type=\"container\" data-e-type=\"container\" data-settings=\"{&quot;background_background&quot;:&quot;classic&quot;}\">\n\t\t\t\t\t<div class=\"e-con-inner\">\n\t\t<div class=\"elementor-element elementor-element-a61f598 e-con-full e-flex e-con e-child\" data-id=\"a61f598\" data-element_type=\"container\" data-e-type=\"container\">\n\t\t\t\t<div class=\"elementor-element elementor-element-272fa79 elementor-widget elementor-widget-heading\" data-id=\"272fa79\" data-element_type=\"widget\" data-e-type=\"widget\" data-widget_type=\"heading.default\">\n\t\t\t\t<div class=\"elementor-widget-container\">\n\t\t\t\t\t<p class=\"elementor-heading-title elementor-size-default\">Leistungen<\/p>\t\t\t\t<\/div>\n\t\t\t\t<\/div>\n\t\t\t\t<div class=\"elementor-element elementor-element-6e2d35d elementor-widget elementor-widget-heading\" data-id=\"6e2d35d\" data-element_type=\"widget\" data-e-type=\"widget\" data-widget_type=\"heading.default\">\n\t\t\t\t<div class=\"elementor-widget-container\">\n\t\t\t\t\t<h1 class=\"elementor-heading-title elementor-size-default\">Zollservice<\/h1>\t\t\t\t<\/div>\n\t\t\t\t<\/div>\n\t\t\t\t<\/div>\n\t\t\t\t\t<\/div>\n\t\t\t\t<\/div>\n\t\t<div class=\"elementor-element elementor-element-8f4c00e e-flex e-con-boxed e-con e-parent\" data-id=\"8f4c00e\" data-element_type=\"container\" data-e-type=\"container\">\n\t\t\t\t\t<div class=\"e-con-inner\">\n\t\t<div class=\"elementor-element elementor-element-0ae61c2 e-con-full e-flex e-con e-child\" data-id=\"0ae61c2\" data-element_type=\"container\" data-e-type=\"container\">\n\t\t<div class=\"elementor-element elementor-element-2b9c835 e-flex e-con-boxed e-con e-child\" data-id=\"2b9c835\" data-element_type=\"container\" data-e-type=\"container\">\n\t\t\t\t\t<div class=\"e-con-inner\">\n\t\t\t\t<div class=\"elementor-element elementor-element-39ce6a3 elementor-widget elementor-widget-heading\" data-id=\"39ce6a3\" data-element_type=\"widget\" data-e-type=\"widget\" data-widget_type=\"heading.default\">\n\t\t\t\t<div class=\"elementor-widget-container\">\n\t\t\t\t\t<h2 class=\"elementor-heading-title elementor-size-default\">Calenberg ist akkreditierter Zollspediteur und verf\u00fcgt \u00fcber eigene Zoll- und EUSt.-Aufschubkonten.<\/h2>\t\t\t\t<\/div>\n\t\t\t\t<\/div>\n\t\t\t\t<div class=\"elementor-element elementor-element-f10fd08 elementor-widget elementor-widget-text-editor\" data-id=\"f10fd08\" data-element_type=\"widget\" data-e-type=\"widget\" data-widget_type=\"text-editor.default\">\n\t\t\t\t<div class=\"elementor-widget-container\">\n\t\t\t\t\t\t\t\t\t<p>Wir sind in der Lage, Ihre Verzollungen an allen deutschen Zollflugh\u00e4fen \u2013 HAM, BRE, HAJ, BER, DUS, DTM, CGN, LEJ, FRA, NUE, STR, MUC \u2013 sowie an den Seeh\u00e4fen Antwerpen, Rotterdam, Bremen und Hamburg abzuwickeln.<\/p><p>Antr\u00e4ge f\u00fcr spezielle Import- oder Exportlizenzen, \u00dcberwachungsdokumente, tempor\u00e4re Einfuhren, aktive und passive Veredelungsverkehre sowie die klassische Endabfertigung geh\u00f6ren zu unserem t\u00e4glichen Gesch\u00e4ft.<\/p><p>Dank direkter Anbindungen und guter Kontakte zu den deutschen Zollstellen liegen uns stets die aktuellen Einfuhrbestimmungen und Abgabens\u00e4tze vor. Diese werden nach Bedarf manuell, ansonsten auch automatisch monatlich durch unsere Software \u00fcberpr\u00fcft und aktualisiert.<\/p>\t\t\t\t\t\t\t\t<\/div>\n\t\t\t\t<\/div>\n\t\t\t\t<div class=\"elementor-element elementor-element-c305d3c elementor-widget elementor-widget-button\" data-id=\"c305d3c\" data-element_type=\"widget\" data-e-type=\"widget\" data-widget_type=\"button.default\">\n\t\t\t\t<div class=\"elementor-widget-container\">\n\t\t\t\t\t\t\t\t\t<div class=\"elementor-button-wrapper\">\n\t\t\t\t\t<a class=\"elementor-button elementor-button-link elementor-size-sm\" href=\"https:\/\/cologistics.com\/kontakt\/\">\n\t\t\t\t\t\t<span class=\"elementor-button-content-wrapper\">\n\t\t\t\t\t\t\t\t\t<span class=\"elementor-button-text\">Angebot Anfordern<\/span>\n\t\t\t\t\t<\/span>\n\t\t\t\t\t<\/a>\n\t\t\t\t<\/div>\n\t\t\t\t\t\t\t\t<\/div>\n\t\t\t\t<\/div>\n\t\t\t\t\t<\/div>\n\t\t\t\t<\/div>\n\t\t<div class=\"elementor-element elementor-element-8f95afe e-flex e-con-boxed e-con e-child\" data-id=\"8f95afe\" data-element_type=\"container\" data-e-type=\"container\" data-settings=\"{&quot;background_background&quot;:&quot;classic&quot;}\">\n\t\t\t\t\t<div class=\"e-con-inner\">\n\t\t\t\t\t<\/div>\n\t\t\t\t<\/div>\n\t\t\t\t<\/div>\n\t\t\t\t\t<\/div>\n\t\t\t\t<\/div>\n\t\t\t\t<\/div>\n\t\t","protected":false},"excerpt":{"rendered":"<p>Leistungen Zollservice Calenberg ist akkreditierter Zollspediteur und verf\u00fcgt \u00fcber eigene Zoll- und EUSt.-Aufschubkonten. Wir sind in der Lage, Ihre Verzollungen an allen deutschen Zollflugh\u00e4fen \u2013 HAM, BRE, HAJ, BER, DUS, DTM, CGN, LEJ, FRA, NUE, STR, MUC \u2013 sowie an den Seeh\u00e4fen Antwerpen, Rotterdam, Bremen und Hamburg abzuwickeln. Antr\u00e4ge f\u00fcr spezielle Import- oder Exportlizenzen, \u00dcberwachungsdokumente, [&hellip;]<\/p>\n","protected":false},"author":1,"featured_media":0,"parent":86,"menu_order":0,"comment_status":"closed","ping_status":"closed","template":"elementor_header_footer","meta":{"_monsterinsights_skip_tracking":false,"_monsterinsights_sitenote_active":false,"_monsterinsights_sitenote_note":"","_monsterinsights_sitenote_category":0,"footnotes":""},"class_list":["post-349","page","type-page","status-publish","hentry"],"_links":{"self":[{"href":"https:\/\/cologistics.com\/de\/wp-json\/wp\/v2\/pages\/349","targetHints":{"allow":["GET"]}}],"collection":[{"href":"https:\/\/cologistics.com\/de\/wp-json\/wp\/v2\/pages"}],"about":[{"href":"https:\/\/cologistics.com\/de\/wp-json\/wp\/v2\/types\/page"}],"author":[{"embeddable":true,"href":"https:\/\/cologistics.com\/de\/wp-json\/wp\/v2\/users\/1"}],"replies":[{"embeddable":true,"href":"https:\/\/cologistics.com\/de\/wp-json\/wp\/v2\/comments?post=349"}],"version-history":[{"count":28,"href":"https:\/\/cologistics.com\/de\/wp-json\/wp\/v2\/pages\/349\/revisions"}],"predecessor-version":[{"id":1381,"href":"https:\/\/cologistics.com\/de\/wp-json\/wp\/v2\/pages\/349\/revisions\/1381"}],"up":[{"embeddable":true,"href":"https:\/\/cologistics.com\/de\/wp-json\/wp\/v2\/pages\/86"}],"wp:attachment":[{"href":"https:\/\/cologistics.com\/de\/wp-json\/wp\/v2\/media?parent=349"}],"curies":[{"name":"wp","href":"https:\/\/api.w.org\/{rel}","templated":true}]}}