{"id":84,"date":"2023-06-13T15:43:12","date_gmt":"2023-06-13T12:43:12","guid":{"rendered":"https:\/\/test.cologistics.com\/?page_id=84"},"modified":"2024-07-11T12:51:48","modified_gmt":"2024-07-11T09:51:48","slug":"unternehmensprofil","status":"publish","type":"page","link":"http:\/\/cologistics.com\/en\/unternehmensprofil\/","title":{"rendered":"Company Profile"},"content":{"rendered":"<div data-elementor-type=\"wp-page\" data-elementor-id=\"84\" class=\"elementor elementor-84\">\n\t\t\t\t<div class=\"elementor-element elementor-element-f572381 e-flex e-con-boxed e-con e-parent\" data-id=\"f572381\" data-element_type=\"container\" data-e-type=\"container\" data-settings=\"{&quot;background_background&quot;:&quot;classic&quot;}\">\n\t\t\t\t\t<div class=\"e-con-inner\">\n\t\t<div class=\"elementor-element elementor-element-951737c e-con-full e-flex e-con e-child\" data-id=\"951737c\" data-element_type=\"container\" data-e-type=\"container\">\n\t\t\t\t<div class=\"elementor-element elementor-element-5d192a9 elementor-widget elementor-widget-heading\" data-id=\"5d192a9\" data-element_type=\"widget\" data-e-type=\"widget\" data-widget_type=\"heading.default\">\n\t\t\t\t<div class=\"elementor-widget-container\">\n\t\t\t\t\t<p class=\"elementor-heading-title elementor-size-default\">Company Profile<\/p>\t\t\t\t<\/div>\n\t\t\t\t<\/div>\n\t\t\t\t<div class=\"elementor-element elementor-element-836acfc elementor-widget elementor-widget-heading\" data-id=\"836acfc\" data-element_type=\"widget\" data-e-type=\"widget\" data-widget_type=\"heading.default\">\n\t\t\t\t<div class=\"elementor-widget-container\">\n\t\t\t\t\t<h1 class=\"elementor-heading-title elementor-size-default\">About Us<\/h1>\t\t\t\t<\/div>\n\t\t\t\t<\/div>\n\t\t\t\t<\/div>\n\t\t\t\t\t<\/div>\n\t\t\t\t<\/div>\n\t\t<div class=\"elementor-element elementor-element-ee11247 e-flex e-con-boxed e-con e-parent\" data-id=\"ee11247\" data-element_type=\"container\" data-e-type=\"container\">\n\t\t\t\t\t<div class=\"e-con-inner\">\n\t\t<div class=\"elementor-element elementor-element-1f2d996 e-flex e-con-boxed e-con e-child\" data-id=\"1f2d996\" data-element_type=\"container\" data-e-type=\"container\">\n\t\t\t\t\t<div class=\"e-con-inner\">\n\t\t<div class=\"elementor-element elementor-element-76e620e e-flex e-con-boxed e-con e-child\" data-id=\"76e620e\" data-element_type=\"container\" data-e-type=\"container\">\n\t\t\t\t\t<div class=\"e-con-inner\">\n\t\t\t\t<div class=\"elementor-element elementor-element-5feaf54 elementor-widget elementor-widget-heading\" data-id=\"5feaf54\" data-element_type=\"widget\" data-e-type=\"widget\" data-widget_type=\"heading.default\">\n\t\t\t\t<div class=\"elementor-widget-container\">\n\t\t\t\t\t<h2 class=\"elementor-heading-title elementor-size-default\">Calenberg Oversea Logistics\noffers comprehensive logistics solutions under one roof.<\/h2>\t\t\t\t<\/div>\n\t\t\t\t<\/div>\n\t\t\t\t<div class=\"elementor-element elementor-element-7a5840c elementor-widget elementor-widget-text-editor\" data-id=\"7a5840c\" data-element_type=\"widget\" data-e-type=\"widget\" data-widget_type=\"text-editor.default\">\n\t\t\t\t<div class=\"elementor-widget-container\">\n\t\t\t\t\t\t\t\t\t<p>Since 1999, Calenberg Oversea Logistics has been your competent partner in international freight transport on all modes of transport. Our core services are complemented by warehouse logistics and goods distribution. In addition, we offer the possibility of import and export customs procedures at your preferred customs offices as well as at the desired airports and seaports worldwide.<\/p><p>The Calenberg Oversea Logistics team can map your entire supply chain on request. Together with you, we develop customized solutions that extend from the producer to the final recipient of your goods.<\/p><p>Calenberg Oversea Logistics provides a full range of flexible supply chain management services, which can be tailored to meet individual client needs.<\/p>\t\t\t\t\t\t\t\t<\/div>\n\t\t\t\t<\/div>\n\t\t\t\t\t<\/div>\n\t\t\t\t<\/div>\n\t\t\t\t\t<\/div>\n\t\t\t\t<\/div>\n\t\t\t\t\t<\/div>\n\t\t\t\t<\/div>\n\t\t<div class=\"elementor-element elementor-element-0db0c8c e-flex e-con-boxed e-con e-parent\" data-id=\"0db0c8c\" data-element_type=\"container\" data-e-type=\"container\">\n\t\t\t\t\t<div class=\"e-con-inner\">\n\t\t\t\t<div class=\"elementor-element elementor-element-f5450e4 elementor-widget elementor-widget-image\" data-id=\"f5450e4\" data-element_type=\"widget\" data-e-type=\"widget\" data-widget_type=\"image.default\">\n\t\t\t\t<div class=\"elementor-widget-container\">\n\t\t\t\t\t\t\t\t\t\t\t\t\t\t\t<img fetchpriority=\"high\" decoding=\"async\" width=\"768\" height=\"539\" src=\"https:\/\/cologistics.com\/wp-content\/uploads\/2024\/07\/001-768x539.jpg\" class=\"attachment-medium_large size-medium_large wp-image-1443\" alt=\"\" srcset=\"https:\/\/cologistics.com\/wp-content\/uploads\/2024\/07\/001-768x539.jpg 768w, https:\/\/cologistics.com\/wp-content\/uploads\/2024\/07\/001-300x211.jpg 300w, https:\/\/cologistics.com\/wp-content\/uploads\/2024\/07\/001-1024x719.jpg 1024w, https:\/\/cologistics.com\/wp-content\/uploads\/2024\/07\/001-1536x1079.jpg 1536w, https:\/\/cologistics.com\/wp-content\/uploads\/2024\/07\/001-2048x1439.jpg 2048w, https:\/\/cologistics.com\/wp-content\/uploads\/2024\/07\/001-18x12.jpg 18w\" sizes=\"(max-width: 768px) 100vw, 768px\" \/>\t\t\t\t\t\t\t\t\t\t\t\t\t\t\t<\/div>\n\t\t\t\t<\/div>\n\t\t\t\t\t<\/div>\n\t\t\t\t<\/div>\n\t\t\t\t<\/div>","protected":false},"excerpt":{"rendered":"<p>Unternehmensprofil \u00dcber uns Calenberg Oversea Logistics bietet umfassende Logistikl\u00f6sungen unter einem Dach. Seit 1999 ist Calenberg Oversea Logistics Ihr kompetenter Ansprechpartner im internationalen Frachtverkehr auf allen Verkehrstr\u00e4gern. Unsere Kernleistungen werden durch die Bereiche Lagerlogistik und Warendistribution erg\u00e4nzt. Zudem bieten wir die M\u00f6glichkeit von Import- und Exportzollverfahren an Ihren bevorzugten Zoll\u00e4mtern sowie an den gew\u00fcnschten Flug- [&hellip;]<\/p>\n","protected":false},"author":1,"featured_media":0,"parent":0,"menu_order":0,"comment_status":"closed","ping_status":"closed","template":"elementor_header_footer","meta":{"_monsterinsights_skip_tracking":false,"_monsterinsights_sitenote_active":false,"_monsterinsights_sitenote_note":"","_monsterinsights_sitenote_category":0,"footnotes":""},"class_list":["post-84","page","type-page","status-publish","hentry"],"_links":{"self":[{"href":"http:\/\/cologistics.com\/en\/wp-json\/wp\/v2\/pages\/84","targetHints":{"allow":["GET"]}}],"collection":[{"href":"http:\/\/cologistics.com\/en\/wp-json\/wp\/v2\/pages"}],"about":[{"href":"http:\/\/cologistics.com\/en\/wp-json\/wp\/v2\/types\/page"}],"author":[{"embeddable":true,"href":"http:\/\/cologistics.com\/en\/wp-json\/wp\/v2\/users\/1"}],"replies":[{"embeddable":true,"href":"http:\/\/cologistics.com\/en\/wp-json\/wp\/v2\/comments?post=84"}],"version-history":[{"count":46,"href":"http:\/\/cologistics.com\/en\/wp-json\/wp\/v2\/pages\/84\/revisions"}],"predecessor-version":[{"id":1449,"href":"http:\/\/cologistics.com\/en\/wp-json\/wp\/v2\/pages\/84\/revisions\/1449"}],"wp:attachment":[{"href":"http:\/\/cologistics.com\/en\/wp-json\/wp\/v2\/media?parent=84"}],"curies":[{"name":"wp","href":"https:\/\/api.w.org\/{rel}","templated":true}]}}