{"id":349,"date":"2023-06-29T03:58:31","date_gmt":"2023-06-29T00:58:31","guid":{"rendered":"https:\/\/test.cologistics.com\/?page_id=349"},"modified":"2023-10-26T17:59:05","modified_gmt":"2023-10-26T14:59:05","slug":"zollservice","status":"publish","type":"page","link":"http:\/\/cologistics.com\/en\/leistungen\/zollservice\/","title":{"rendered":"Customs Service"},"content":{"rendered":"<div data-elementor-type=\"wp-page\" data-elementor-id=\"349\" class=\"elementor elementor-349\">\n\t\t\t\t<div class=\"elementor-element elementor-element-4fa2ac1 e-flex e-con-boxed e-con e-parent\" data-id=\"4fa2ac1\" data-element_type=\"container\" data-e-type=\"container\" data-settings=\"{&quot;background_background&quot;:&quot;classic&quot;}\">\n\t\t\t\t\t<div class=\"e-con-inner\">\n\t\t<div class=\"elementor-element elementor-element-a61f598 e-con-full e-flex e-con e-child\" data-id=\"a61f598\" data-element_type=\"container\" data-e-type=\"container\">\n\t\t\t\t<div class=\"elementor-element elementor-element-272fa79 elementor-widget elementor-widget-heading\" data-id=\"272fa79\" data-element_type=\"widget\" data-e-type=\"widget\" data-widget_type=\"heading.default\">\n\t\t\t\t<div class=\"elementor-widget-container\">\n\t\t\t\t\t<p class=\"elementor-heading-title elementor-size-default\">SERVICES<\/p>\t\t\t\t<\/div>\n\t\t\t\t<\/div>\n\t\t\t\t<div class=\"elementor-element elementor-element-6e2d35d elementor-widget elementor-widget-heading\" data-id=\"6e2d35d\" data-element_type=\"widget\" data-e-type=\"widget\" data-widget_type=\"heading.default\">\n\t\t\t\t<div class=\"elementor-widget-container\">\n\t\t\t\t\t<h1 class=\"elementor-heading-title elementor-size-default\">Customs Service<\/h1>\t\t\t\t<\/div>\n\t\t\t\t<\/div>\n\t\t\t\t<\/div>\n\t\t\t\t\t<\/div>\n\t\t\t\t<\/div>\n\t\t<div class=\"elementor-element elementor-element-8f4c00e e-flex e-con-boxed e-con e-parent\" data-id=\"8f4c00e\" data-element_type=\"container\" data-e-type=\"container\">\n\t\t\t\t\t<div class=\"e-con-inner\">\n\t\t<div class=\"elementor-element elementor-element-0ae61c2 e-con-full e-flex e-con e-child\" data-id=\"0ae61c2\" data-element_type=\"container\" data-e-type=\"container\">\n\t\t<div class=\"elementor-element elementor-element-2b9c835 e-flex e-con-boxed e-con e-child\" data-id=\"2b9c835\" data-element_type=\"container\" data-e-type=\"container\">\n\t\t\t\t\t<div class=\"e-con-inner\">\n\t\t\t\t<div class=\"elementor-element elementor-element-39ce6a3 elementor-widget elementor-widget-heading\" data-id=\"39ce6a3\" data-element_type=\"widget\" data-e-type=\"widget\" data-widget_type=\"heading.default\">\n\t\t\t\t<div class=\"elementor-widget-container\">\n\t\t\t\t\t<h2 class=\"elementor-heading-title elementor-size-default\">Calenberg Logistics is an approved customs broker offering own VAT and duty impute accounts.<\/h2>\t\t\t\t<\/div>\n\t\t\t\t<\/div>\n\t\t\t\t<div class=\"elementor-element elementor-element-f10fd08 elementor-widget elementor-widget-text-editor\" data-id=\"f10fd08\" data-element_type=\"widget\" data-e-type=\"widget\" data-widget_type=\"text-editor.default\">\n\t\t\t\t<div class=\"elementor-widget-container\">\n\t\t\t\t\t\t\t\t\t<p>We are able to handle your customs clearance at all German customs airports - HAM, BRE, HAJ, BER, DUS, DTM, CGN, LEJ, FRA, NUE, STR, MUC - as well as at the seaports of Antwerp, Rotterdam, Bremen and Hamburg.<\/p><p>Applications for special import or export licenses, surveillance documents, temporary imports, inward and outward processing traffic as well as classical final clearance are part of our daily business.<\/p><p>Thanks to direct connections and good contacts to the German customs offices, we always have the current import regulations and duty rates. These are checked and updated by our software manually as required, otherwise also automatically on a monthly basis.<\/p>\t\t\t\t\t\t\t\t<\/div>\n\t\t\t\t<\/div>\n\t\t\t\t<div class=\"elementor-element elementor-element-c305d3c elementor-widget elementor-widget-button\" data-id=\"c305d3c\" data-element_type=\"widget\" data-e-type=\"widget\" data-widget_type=\"button.default\">\n\t\t\t\t<div class=\"elementor-widget-container\">\n\t\t\t\t\t\t\t\t\t<div class=\"elementor-button-wrapper\">\n\t\t\t\t\t<a class=\"elementor-button elementor-button-link elementor-size-sm\" href=\"http:\/\/cologistics.com\/en\/kontakt\/\">\n\t\t\t\t\t\t<span class=\"elementor-button-content-wrapper\">\n\t\t\t\t\t\t\t\t\t<span class=\"elementor-button-text\">request an offer<\/span>\n\t\t\t\t\t<\/span>\n\t\t\t\t\t<\/a>\n\t\t\t\t<\/div>\n\t\t\t\t\t\t\t\t<\/div>\n\t\t\t\t<\/div>\n\t\t\t\t\t<\/div>\n\t\t\t\t<\/div>\n\t\t<div class=\"elementor-element elementor-element-8f95afe e-flex e-con-boxed e-con e-child\" data-id=\"8f95afe\" data-element_type=\"container\" data-e-type=\"container\" data-settings=\"{&quot;background_background&quot;:&quot;classic&quot;}\">\n\t\t\t\t\t<div class=\"e-con-inner\">\n\t\t\t\t\t<\/div>\n\t\t\t\t<\/div>\n\t\t\t\t<\/div>\n\t\t\t\t\t<\/div>\n\t\t\t\t<\/div>\n\t\t\t\t<\/div>","protected":false},"excerpt":{"rendered":"<p>Leistungen Zollservice Calenberg ist akkreditierter Zollspediteur und verf\u00fcgt \u00fcber eigene Zoll- und EUSt.-Aufschubkonten. Wir sind in der Lage, Ihre Verzollungen an allen deutschen Zollflugh\u00e4fen \u2013 HAM, BRE, HAJ, BER, DUS, DTM, CGN, LEJ, FRA, NUE, STR, MUC \u2013 sowie an den Seeh\u00e4fen Antwerpen, Rotterdam, Bremen und Hamburg abzuwickeln. Antr\u00e4ge f\u00fcr spezielle Import- oder Exportlizenzen, \u00dcberwachungsdokumente, [&hellip;]<\/p>\n","protected":false},"author":1,"featured_media":0,"parent":86,"menu_order":0,"comment_status":"closed","ping_status":"closed","template":"elementor_header_footer","meta":{"_monsterinsights_skip_tracking":false,"_monsterinsights_sitenote_active":false,"_monsterinsights_sitenote_note":"","_monsterinsights_sitenote_category":0,"footnotes":""},"class_list":["post-349","page","type-page","status-publish","hentry"],"_links":{"self":[{"href":"http:\/\/cologistics.com\/en\/wp-json\/wp\/v2\/pages\/349","targetHints":{"allow":["GET"]}}],"collection":[{"href":"http:\/\/cologistics.com\/en\/wp-json\/wp\/v2\/pages"}],"about":[{"href":"http:\/\/cologistics.com\/en\/wp-json\/wp\/v2\/types\/page"}],"author":[{"embeddable":true,"href":"http:\/\/cologistics.com\/en\/wp-json\/wp\/v2\/users\/1"}],"replies":[{"embeddable":true,"href":"http:\/\/cologistics.com\/en\/wp-json\/wp\/v2\/comments?post=349"}],"version-history":[{"count":28,"href":"http:\/\/cologistics.com\/en\/wp-json\/wp\/v2\/pages\/349\/revisions"}],"predecessor-version":[{"id":1381,"href":"http:\/\/cologistics.com\/en\/wp-json\/wp\/v2\/pages\/349\/revisions\/1381"}],"up":[{"embeddable":true,"href":"http:\/\/cologistics.com\/en\/wp-json\/wp\/v2\/pages\/86"}],"wp:attachment":[{"href":"http:\/\/cologistics.com\/en\/wp-json\/wp\/v2\/media?parent=349"}],"curies":[{"name":"wp","href":"https:\/\/api.w.org\/{rel}","templated":true}]}}