{"id":322,"date":"2023-06-29T03:28:12","date_gmt":"2023-06-29T00:28:12","guid":{"rendered":"https:\/\/test.cologistics.com\/?page_id=322"},"modified":"2023-10-26T17:55:10","modified_gmt":"2023-10-26T14:55:10","slug":"lagerung","status":"publish","type":"page","link":"http:\/\/cologistics.com\/en\/leistungen\/lagerung\/","title":{"rendered":"Warehousing"},"content":{"rendered":"<div data-elementor-type=\"wp-page\" data-elementor-id=\"322\" class=\"elementor elementor-322\">\n\t\t\t\t<div class=\"elementor-element elementor-element-5df18ab e-flex e-con-boxed e-con e-parent\" data-id=\"5df18ab\" data-element_type=\"container\" data-e-type=\"container\" data-settings=\"{&quot;background_background&quot;:&quot;classic&quot;}\">\n\t\t\t\t\t<div class=\"e-con-inner\">\n\t\t<div class=\"elementor-element elementor-element-12943f7 e-con-full e-flex e-con e-child\" data-id=\"12943f7\" data-element_type=\"container\" data-e-type=\"container\">\n\t\t\t\t<div class=\"elementor-element elementor-element-5c358a2 elementor-widget elementor-widget-heading\" data-id=\"5c358a2\" data-element_type=\"widget\" data-e-type=\"widget\" data-widget_type=\"heading.default\">\n\t\t\t\t<div class=\"elementor-widget-container\">\n\t\t\t\t\t<p class=\"elementor-heading-title elementor-size-default\">SERVICES<\/p>\t\t\t\t<\/div>\n\t\t\t\t<\/div>\n\t\t\t\t<div class=\"elementor-element elementor-element-7b01b66 elementor-widget elementor-widget-heading\" data-id=\"7b01b66\" data-element_type=\"widget\" data-e-type=\"widget\" data-widget_type=\"heading.default\">\n\t\t\t\t<div class=\"elementor-widget-container\">\n\t\t\t\t\t<h1 class=\"elementor-heading-title elementor-size-default\">Warehousing<\/h1>\t\t\t\t<\/div>\n\t\t\t\t<\/div>\n\t\t\t\t<\/div>\n\t\t\t\t\t<\/div>\n\t\t\t\t<\/div>\n\t\t<div class=\"elementor-element elementor-element-4c42a6f e-flex e-con-boxed e-con e-parent\" data-id=\"4c42a6f\" data-element_type=\"container\" data-e-type=\"container\">\n\t\t\t\t\t<div class=\"e-con-inner\">\n\t\t\t\t<div class=\"elementor-element elementor-element-633a897 elementor-widget elementor-widget-spacer\" data-id=\"633a897\" data-element_type=\"widget\" data-e-type=\"widget\" data-widget_type=\"spacer.default\">\n\t\t\t\t<div class=\"elementor-widget-container\">\n\t\t\t\t\t\t\t<div class=\"elementor-spacer\">\n\t\t\t<div class=\"elementor-spacer-inner\"><\/div>\n\t\t<\/div>\n\t\t\t\t\t\t<\/div>\n\t\t\t\t<\/div>\n\t\t\t\t\t<\/div>\n\t\t\t\t<\/div>\n\t\t<div class=\"elementor-element elementor-element-db434f0 e-flex e-con-boxed e-con e-parent\" data-id=\"db434f0\" data-element_type=\"container\" data-e-type=\"container\">\n\t\t\t\t\t<div class=\"e-con-inner\">\n\t\t<div class=\"elementor-element elementor-element-191febf e-con-full e-flex e-con e-child\" data-id=\"191febf\" data-element_type=\"container\" data-e-type=\"container\">\n\t\t\t\t<div class=\"elementor-element elementor-element-4260e7a elementor-widget elementor-widget-text-editor\" data-id=\"4260e7a\" data-element_type=\"widget\" data-e-type=\"widget\" data-widget_type=\"text-editor.default\">\n\t\t\t\t<div class=\"elementor-widget-container\">\n\t\t\t\t\t\t\t\t\t<p>We place the highest value on quality and offer individually tailored storage concepts to support your company in the best possible way.<\/p><p>You can concentrate fully on your production and sales, because we take care of the smooth running of your storage and the optimal flow of goods.<\/p><p>\u00a0<\/p><p>Our warehouse has a large area of 4500 square meters and is located directly on the A59 in Cologne, only 8 kilometers from Cologne\/Bonn Airport. This guarantees you an ideal location for fast and efficient transport of your goods.<\/p><p>We offer you a wide range of storage options, including custom warehouses, high-bay warehouses, temporary storage, and block storage. Our storage experts are available to develop the right storage concept for your specific needs.<\/p><p>The picking of your goods is done professionally and precisely with us. Our packing service ensures that your products are optimally packed and protected to guarantee safe transport.<\/p><p>As part of our comprehensive services, we also offer container loading and unloading to efficiently process your goods.<\/p><p>There are several options available for your parcel shipment, including UPS, DPD, DHL and Hermes.<\/p><p>Our neutralization services allow you to store your goods in a neutral state to ensure the confidentiality and security of your products.<\/p><p>We ensure accurate inventory control and use barcodes and remote scanners to ensure the reliability of our warehouse logistics.<\/p><p>Our customs service includes container customs clearance and the handling of all customs formalities to ensure the smooth international movement of goods.<\/p><p>Trust our many years of experience and know-how in warehouse logistics. Contact us to learn more about our services and how we can help your company make your warehouse processes more efficient. We look forward to serving you as a reliable partner.<\/p>\t\t\t\t\t\t\t\t<\/div>\n\t\t\t\t<\/div>\n\t\t\t\t<div class=\"elementor-element elementor-element-ca25145 elementor-widget elementor-widget-button\" data-id=\"ca25145\" data-element_type=\"widget\" data-e-type=\"widget\" data-widget_type=\"button.default\">\n\t\t\t\t<div class=\"elementor-widget-container\">\n\t\t\t\t\t\t\t\t\t<div class=\"elementor-button-wrapper\">\n\t\t\t\t\t<a class=\"elementor-button elementor-button-link elementor-size-sm\" href=\"http:\/\/cologistics.com\/en\/kontakt\/\">\n\t\t\t\t\t\t<span class=\"elementor-button-content-wrapper\">\n\t\t\t\t\t\t\t\t\t<span class=\"elementor-button-text\">request an offer<\/span>\n\t\t\t\t\t<\/span>\n\t\t\t\t\t<\/a>\n\t\t\t\t<\/div>\n\t\t\t\t\t\t\t\t<\/div>\n\t\t\t\t<\/div>\n\t\t\t\t<\/div>\n\t\t<div class=\"elementor-element elementor-element-d86aca3 e-con-full e-flex e-con e-child\" data-id=\"d86aca3\" data-element_type=\"container\" data-e-type=\"container\">\n\t\t<div class=\"elementor-element elementor-element-109f7da e-flex e-con-boxed e-con e-child\" data-id=\"109f7da\" data-element_type=\"container\" data-e-type=\"container\">\n\t\t\t\t\t<div class=\"e-con-inner\">\n\t\t\t\t<div class=\"elementor-element elementor-element-ab088d2 elementor-widget elementor-widget-image\" data-id=\"ab088d2\" data-element_type=\"widget\" data-e-type=\"widget\" data-widget_type=\"image.default\">\n\t\t\t\t<div class=\"elementor-widget-container\">\n\t\t\t\t\t\t\t\t\t\t\t\t\t\t\t<img fetchpriority=\"high\" decoding=\"async\" width=\"800\" height=\"600\" src=\"https:\/\/cologistics.com\/wp-content\/uploads\/2023\/10\/3-1024x768.jpg\" class=\"attachment-large size-large wp-image-726\" alt=\"\" srcset=\"https:\/\/cologistics.com\/wp-content\/uploads\/2023\/10\/3-1024x768.jpg 1024w, https:\/\/cologistics.com\/wp-content\/uploads\/2023\/10\/3-300x225.jpg 300w, https:\/\/cologistics.com\/wp-content\/uploads\/2023\/10\/3-768x576.jpg 768w, https:\/\/cologistics.com\/wp-content\/uploads\/2023\/10\/3-1536x1152.jpg 1536w, https:\/\/cologistics.com\/wp-content\/uploads\/2023\/10\/3-2048x1536.jpg 2048w, https:\/\/cologistics.com\/wp-content\/uploads\/2023\/10\/3-16x12.jpg 16w\" sizes=\"(max-width: 800px) 100vw, 800px\" \/>\t\t\t\t\t\t\t\t\t\t\t\t\t\t\t<\/div>\n\t\t\t\t<\/div>\n\t\t\t\t\t<\/div>\n\t\t\t\t<\/div>\n\t\t<div class=\"elementor-element elementor-element-4db5750 e-flex e-con-boxed e-con e-child\" data-id=\"4db5750\" data-element_type=\"container\" data-e-type=\"container\">\n\t\t\t\t\t<div class=\"e-con-inner\">\n\t\t\t\t<div class=\"elementor-element elementor-element-fea46fb elementor-widget elementor-widget-image\" data-id=\"fea46fb\" data-element_type=\"widget\" data-e-type=\"widget\" data-widget_type=\"image.default\">\n\t\t\t\t<div class=\"elementor-widget-container\">\n\t\t\t\t\t\t\t\t\t\t\t\t\t\t\t<img decoding=\"async\" width=\"800\" height=\"600\" src=\"https:\/\/cologistics.com\/wp-content\/uploads\/2023\/10\/002-1-1024x768.jpg\" class=\"attachment-large size-large wp-image-730\" alt=\"\" srcset=\"https:\/\/cologistics.com\/wp-content\/uploads\/2023\/10\/002-1-1024x768.jpg 1024w, https:\/\/cologistics.com\/wp-content\/uploads\/2023\/10\/002-1-300x225.jpg 300w, https:\/\/cologistics.com\/wp-content\/uploads\/2023\/10\/002-1-768x576.jpg 768w, https:\/\/cologistics.com\/wp-content\/uploads\/2023\/10\/002-1-1536x1152.jpg 1536w, https:\/\/cologistics.com\/wp-content\/uploads\/2023\/10\/002-1-2048x1536.jpg 2048w, https:\/\/cologistics.com\/wp-content\/uploads\/2023\/10\/002-1-16x12.jpg 16w\" sizes=\"(max-width: 800px) 100vw, 800px\" \/>\t\t\t\t\t\t\t\t\t\t\t\t\t\t\t<\/div>\n\t\t\t\t<\/div>\n\t\t\t\t\t<\/div>\n\t\t\t\t<\/div>\n\t\t\t\t<\/div>\n\t\t\t\t\t<\/div>\n\t\t\t\t<\/div>\n\t\t\t\t<\/div>","protected":false},"excerpt":{"rendered":"<p>Leistungen Lagerung Wir legen h\u00f6chsten Wert auf Qualit\u00e4t und bieten individuell abgestimmte Lagerkonzepte, um Ihr Unternehmen bestm\u00f6glich zu unterst\u00fctzen. Sie k\u00f6nnen sich voll und ganz auf Ihre Produktion und den Vertrieb konzentrieren, denn wir k\u00fcmmern uns um den reibungslosen Ablauf Ihrer Lagerung und den optimalen Warenfluss. \u00a0 Unser Lager verf\u00fcgt \u00fcber eine gro\u00dfz\u00fcgige Fl\u00e4che von [&hellip;]<\/p>\n","protected":false},"author":1,"featured_media":0,"parent":86,"menu_order":0,"comment_status":"closed","ping_status":"closed","template":"elementor_header_footer","meta":{"_monsterinsights_skip_tracking":false,"_monsterinsights_sitenote_active":false,"_monsterinsights_sitenote_note":"","_monsterinsights_sitenote_category":0,"footnotes":""},"class_list":["post-322","page","type-page","status-publish","hentry"],"_links":{"self":[{"href":"http:\/\/cologistics.com\/en\/wp-json\/wp\/v2\/pages\/322","targetHints":{"allow":["GET"]}}],"collection":[{"href":"http:\/\/cologistics.com\/en\/wp-json\/wp\/v2\/pages"}],"about":[{"href":"http:\/\/cologistics.com\/en\/wp-json\/wp\/v2\/types\/page"}],"author":[{"embeddable":true,"href":"http:\/\/cologistics.com\/en\/wp-json\/wp\/v2\/users\/1"}],"replies":[{"embeddable":true,"href":"http:\/\/cologistics.com\/en\/wp-json\/wp\/v2\/comments?post=322"}],"version-history":[{"count":61,"href":"http:\/\/cologistics.com\/en\/wp-json\/wp\/v2\/pages\/322\/revisions"}],"predecessor-version":[{"id":1360,"href":"http:\/\/cologistics.com\/en\/wp-json\/wp\/v2\/pages\/322\/revisions\/1360"}],"up":[{"embeddable":true,"href":"http:\/\/cologistics.com\/en\/wp-json\/wp\/v2\/pages\/86"}],"wp:attachment":[{"href":"http:\/\/cologistics.com\/en\/wp-json\/wp\/v2\/media?parent=322"}],"curies":[{"name":"wp","href":"https:\/\/api.w.org\/{rel}","templated":true}]}}