{"id":335,"date":"2023-06-29T03:46:10","date_gmt":"2023-06-29T00:46:10","guid":{"rendered":"https:\/\/test.cologistics.com\/?page_id=335"},"modified":"2023-10-26T17:53:32","modified_gmt":"2023-10-26T14:53:32","slug":"courier-express","status":"publish","type":"page","link":"http:\/\/cologistics.com\/de\/leistungen\/courier-express\/","title":{"rendered":"Courier &#038; Express"},"content":{"rendered":"\t\t<div data-elementor-type=\"wp-page\" data-elementor-id=\"335\" class=\"elementor elementor-335\">\n\t\t\t\t<div class=\"elementor-element elementor-element-69085c3 e-flex e-con-boxed e-con e-parent\" data-id=\"69085c3\" data-element_type=\"container\" data-e-type=\"container\" data-settings=\"{&quot;background_background&quot;:&quot;classic&quot;}\">\n\t\t\t\t\t<div class=\"e-con-inner\">\n\t\t<div class=\"elementor-element elementor-element-0a8b9c5 e-con-full e-flex e-con e-child\" data-id=\"0a8b9c5\" data-element_type=\"container\" data-e-type=\"container\">\n\t\t\t\t<div class=\"elementor-element elementor-element-f1bf452 elementor-widget elementor-widget-heading\" data-id=\"f1bf452\" data-element_type=\"widget\" data-e-type=\"widget\" data-widget_type=\"heading.default\">\n\t\t\t\t<div class=\"elementor-widget-container\">\n\t\t\t\t\t<p class=\"elementor-heading-title elementor-size-default\">Leistungen<\/p>\t\t\t\t<\/div>\n\t\t\t\t<\/div>\n\t\t\t\t<div class=\"elementor-element elementor-element-b4e7229 elementor-widget elementor-widget-heading\" data-id=\"b4e7229\" data-element_type=\"widget\" data-e-type=\"widget\" data-widget_type=\"heading.default\">\n\t\t\t\t<div class=\"elementor-widget-container\">\n\t\t\t\t\t<h1 class=\"elementor-heading-title elementor-size-default\">Courier<\/h1>\t\t\t\t<\/div>\n\t\t\t\t<\/div>\n\t\t\t\t<\/div>\n\t\t\t\t\t<\/div>\n\t\t\t\t<\/div>\n\t\t<div class=\"elementor-element elementor-element-b5d6919 e-flex e-con-boxed e-con e-parent\" data-id=\"b5d6919\" data-element_type=\"container\" data-e-type=\"container\">\n\t\t\t\t\t<div class=\"e-con-inner\">\n\t\t<div class=\"elementor-element elementor-element-c712477 e-con-full e-flex e-con e-child\" data-id=\"c712477\" data-element_type=\"container\" data-e-type=\"container\">\n\t\t<div class=\"elementor-element elementor-element-e5a7ef2 e-flex e-con-boxed e-con e-child\" data-id=\"e5a7ef2\" data-element_type=\"container\" data-e-type=\"container\">\n\t\t\t\t\t<div class=\"e-con-inner\">\n\t\t\t\t<div class=\"elementor-element elementor-element-83817f4 elementor-widget elementor-widget-heading\" data-id=\"83817f4\" data-element_type=\"widget\" data-e-type=\"widget\" data-widget_type=\"heading.default\">\n\t\t\t\t<div class=\"elementor-widget-container\">\n\t\t\t\t\t<h2 class=\"elementor-heading-title elementor-size-default\">Calenberg Kurier-Dienste - Schnelle und zuverl\u00e4ssige L\u00f6sungen f\u00fcr Ihre Sendungen<\/h2>\t\t\t\t<\/div>\n\t\t\t\t<\/div>\n\t\t\t\t<div class=\"elementor-element elementor-element-a9a0dd9 elementor-widget elementor-widget-text-editor\" data-id=\"a9a0dd9\" data-element_type=\"widget\" data-e-type=\"widget\" data-widget_type=\"text-editor.default\">\n\t\t\t\t<div class=\"elementor-widget-container\">\n\t\t\t\t\t\t\t\t\t<p>Als Lager und Logistik Unternehmen wissen wir, dass eine effiziente und p\u00fcnktliche Zustellung Ihrer Sendungen von entscheidender Bedeutung ist.<\/p><p>Unser spezialisiertes Team von Kurierexperten steht Ihnen zur Seite, um Ihre Sendungen schnell und sicher zu bef\u00f6rdern.<\/p><p>Egal, ob es sich um kleine Pakete oder eilige Lieferungen handelt &#8211; wir k\u00fcmmern uns um jeden Kurierdienst mit h\u00f6chster Sorgfalt.<\/p><p>Calenberg Oversea Logistics hat Sondervereinbarungen mit den f\u00fchrenden Kurier- und Expressfirmen gezeichnet um unsere Logistikerfahrung mit ihren individuellen W\u00fcnschen zu kombinieren.<\/p>\t\t\t\t\t\t\t\t<\/div>\n\t\t\t\t<\/div>\n\t\t\t\t<div class=\"elementor-element elementor-element-c2315a1 elementor-widget elementor-widget-button\" data-id=\"c2315a1\" data-element_type=\"widget\" data-e-type=\"widget\" data-widget_type=\"button.default\">\n\t\t\t\t<div class=\"elementor-widget-container\">\n\t\t\t\t\t\t\t\t\t<div class=\"elementor-button-wrapper\">\n\t\t\t\t\t<a class=\"elementor-button elementor-button-link elementor-size-sm\" href=\"https:\/\/cologistics.com\/kontakt\/\">\n\t\t\t\t\t\t<span class=\"elementor-button-content-wrapper\">\n\t\t\t\t\t\t\t\t\t<span class=\"elementor-button-text\">Angebot Anfordern<\/span>\n\t\t\t\t\t<\/span>\n\t\t\t\t\t<\/a>\n\t\t\t\t<\/div>\n\t\t\t\t\t\t\t\t<\/div>\n\t\t\t\t<\/div>\n\t\t\t\t\t<\/div>\n\t\t\t\t<\/div>\n\t\t<div class=\"elementor-element elementor-element-48c79a7 e-flex e-con-boxed e-con e-child\" data-id=\"48c79a7\" data-element_type=\"container\" data-e-type=\"container\" data-settings=\"{&quot;background_background&quot;:&quot;classic&quot;}\">\n\t\t\t\t\t<div class=\"e-con-inner\">\n\t\t\t\t\t<\/div>\n\t\t\t\t<\/div>\n\t\t\t\t<\/div>\n\t\t\t\t\t<\/div>\n\t\t\t\t<\/div>\n\t\t\t\t<\/div>\n\t\t","protected":false},"excerpt":{"rendered":"<p>Leistungen Courier Calenberg Kurier-Dienste &#8211; Schnelle und zuverl\u00e4ssige L\u00f6sungen f\u00fcr Ihre Sendungen Als Lager und Logistik Unternehmen wissen wir, dass eine effiziente und p\u00fcnktliche Zustellung Ihrer Sendungen von entscheidender Bedeutung ist. Unser spezialisiertes Team von Kurierexperten steht Ihnen zur Seite, um Ihre Sendungen schnell und sicher zu bef\u00f6rdern. Egal, ob es sich um kleine Pakete [&hellip;]<\/p>\n","protected":false},"author":1,"featured_media":0,"parent":86,"menu_order":0,"comment_status":"closed","ping_status":"closed","template":"elementor_header_footer","meta":{"_monsterinsights_skip_tracking":false,"_monsterinsights_sitenote_active":false,"_monsterinsights_sitenote_note":"","_monsterinsights_sitenote_category":0,"footnotes":""},"class_list":["post-335","page","type-page","status-publish","hentry"],"_links":{"self":[{"href":"http:\/\/cologistics.com\/de\/wp-json\/wp\/v2\/pages\/335","targetHints":{"allow":["GET"]}}],"collection":[{"href":"http:\/\/cologistics.com\/de\/wp-json\/wp\/v2\/pages"}],"about":[{"href":"http:\/\/cologistics.com\/de\/wp-json\/wp\/v2\/types\/page"}],"author":[{"embeddable":true,"href":"http:\/\/cologistics.com\/de\/wp-json\/wp\/v2\/users\/1"}],"replies":[{"embeddable":true,"href":"http:\/\/cologistics.com\/de\/wp-json\/wp\/v2\/comments?post=335"}],"version-history":[{"count":65,"href":"http:\/\/cologistics.com\/de\/wp-json\/wp\/v2\/pages\/335\/revisions"}],"predecessor-version":[{"id":1354,"href":"http:\/\/cologistics.com\/de\/wp-json\/wp\/v2\/pages\/335\/revisions\/1354"}],"up":[{"embeddable":true,"href":"http:\/\/cologistics.com\/de\/wp-json\/wp\/v2\/pages\/86"}],"wp:attachment":[{"href":"http:\/\/cologistics.com\/de\/wp-json\/wp\/v2\/media?parent=335"}],"curies":[{"name":"wp","href":"https:\/\/api.w.org\/{rel}","templated":true}]}}